{"id":565,"date":"2026-03-19T11:31:02","date_gmt":"2026-03-19T10:31:02","guid":{"rendered":"https:\/\/instytuteuropejski.pl\/?page_id=565"},"modified":"2026-03-25T15:01:50","modified_gmt":"2026-03-25T14:01:50","slug":"edukacja-sportowa","status":"publish","type":"page","link":"https:\/\/instytuteuropejski.pl\/en\/dzialalnosc\/edukacja-sportowa\/","title":{"rendered":"Sport Education"},"content":{"rendered":"<div data-elementor-type=\"wp-page\" data-elementor-id=\"565\" class=\"elementor elementor-565\">\n\t\t\t\t\t\t<section class=\"elementor-section elementor-top-section elementor-element elementor-element-e94b684 dsvy-col-stretched-none dsvy-bg-color-over-image elementor-section-boxed elementor-section-height-default elementor-section-height-default\" data-id=\"e94b684\" data-element_type=\"section\" data-e-type=\"section\">\n\t\t\t\t\t\t<div class=\"elementor-container elementor-column-gap-default\">\n\t\t\t\t\t<div class=\"elementor-column elementor-col-33 elementor-top-column elementor-element elementor-element-1205270 dsvy-bg-color-yes dsvy-elementor-bg-color-white dsvy-bg-color-over-image\" data-id=\"1205270\" data-element_type=\"column\" data-e-type=\"column\">\n\t\t\t<div class=\"elementor-widget-wrap elementor-element-populated\">\n\t\t\t\t\t\t<div class=\"elementor-element elementor-element-7fba876 elementor-widget elementor-widget-heading\" data-id=\"7fba876\" data-element_type=\"widget\" data-e-type=\"widget\" data-widget_type=\"heading.default\">\n\t\t\t\t<div class=\"elementor-widget-container\">\n\t\t\t\t\t<h3 class=\"elementor-heading-title elementor-size-default\">Obszary dzia\u0142ania:<\/h3>\t\t\t\t<\/div>\n\t\t\t\t<\/div>\n\t\t\t\t<div class=\"elementor-element elementor-element-dbc8be0 elementor-widget elementor-widget-text-editor\" data-id=\"dbc8be0\" data-element_type=\"widget\" data-e-type=\"widget\" data-widget_type=\"text-editor.default\">\n\t\t\t\t<div class=\"elementor-widget-container\">\n\t\t\t\t\t\t\t\t\t<p>Wybierz interesuj\u0105cy Ci\u0119 obszar dzia\u0142ania Instytutu Europejskiego:<\/p>\t\t\t\t\t\t\t\t<\/div>\n\t\t\t\t<\/div>\n\t\t\t\t<div class=\"elementor-element elementor-element-9eb5f46 dsvy-btn-color-white dsvy-btn-shape-rounded elementor-align-justify dsvy-btn-style-flat elementor-widget elementor-widget-button\" data-id=\"9eb5f46\" data-element_type=\"widget\" data-e-type=\"widget\" data-widget_type=\"button.default\">\n\t\t\t\t<div class=\"elementor-widget-container\">\n\t\t\t\t\t\t\t\t\t<div class=\"elementor-button-wrapper\">\n\t\t\t\t\t<a class=\"elementor-button elementor-button-link elementor-size-sm\" href=\"https:\/\/instytuteuropejski.pl\/en\/dzialalnosc\/think-tank\/\">\n\t\t\t\t\t\t<span class=\"elementor-button-content-wrapper\">\n\t\t\t\t\t\t\t\t\t<span class=\"elementor-button-text\">Think tank<\/span>\n\t\t\t\t\t<\/span>\n\t\t\t\t\t<\/a>\n\t\t\t\t<\/div>\n\t\t\t\t\t\t\t\t<\/div>\n\t\t\t\t<\/div>\n\t\t\t\t<div class=\"elementor-element elementor-element-1c842ed dsvy-btn-color-white dsvy-btn-shape-rounded elementor-align-justify dsvy-btn-style-flat elementor-widget elementor-widget-button\" data-id=\"1c842ed\" data-element_type=\"widget\" data-e-type=\"widget\" data-widget_type=\"button.default\">\n\t\t\t\t<div class=\"elementor-widget-container\">\n\t\t\t\t\t\t\t\t\t<div class=\"elementor-button-wrapper\">\n\t\t\t\t\t<a class=\"elementor-button elementor-button-link elementor-size-sm\" href=\"https:\/\/instytuteuropejski.pl\/en\/dzialalnosc\/inicjatywy-mlodziezy\/\">\n\t\t\t\t\t\t<span class=\"elementor-button-content-wrapper\">\n\t\t\t\t\t\t\t\t\t<span class=\"elementor-button-text\">Inicjatywy m\u0142odzie\u017cowe<\/span>\n\t\t\t\t\t<\/span>\n\t\t\t\t\t<\/a>\n\t\t\t\t<\/div>\n\t\t\t\t\t\t\t\t<\/div>\n\t\t\t\t<\/div>\n\t\t\t\t<div class=\"elementor-element elementor-element-ff675bb dsvy-btn-color-white dsvy-btn-shape-rounded elementor-align-justify dsvy-btn-style-flat elementor-widget elementor-widget-button\" data-id=\"ff675bb\" data-element_type=\"widget\" data-e-type=\"widget\" data-widget_type=\"button.default\">\n\t\t\t\t<div class=\"elementor-widget-container\">\n\t\t\t\t\t\t\t\t\t<div class=\"elementor-button-wrapper\">\n\t\t\t\t\t<a class=\"elementor-button elementor-button-link elementor-size-sm\" href=\"https:\/\/instytuteuropejski.pl\/en\/dzialalnosc\/edukacja-doroslych\/\">\n\t\t\t\t\t\t<span class=\"elementor-button-content-wrapper\">\n\t\t\t\t\t\t\t\t\t<span class=\"elementor-button-text\">Adult education<\/span>\n\t\t\t\t\t<\/span>\n\t\t\t\t\t<\/a>\n\t\t\t\t<\/div>\n\t\t\t\t\t\t\t\t<\/div>\n\t\t\t\t<\/div>\n\t\t\t\t<div class=\"elementor-element elementor-element-4a32bf4 dsvy-btn-color-white dsvy-btn-shape-rounded elementor-align-justify dsvy-btn-style-flat elementor-widget elementor-widget-button\" data-id=\"4a32bf4\" data-element_type=\"widget\" data-e-type=\"widget\" data-widget_type=\"button.default\">\n\t\t\t\t<div class=\"elementor-widget-container\">\n\t\t\t\t\t\t\t\t\t<div class=\"elementor-button-wrapper\">\n\t\t\t\t\t<a class=\"elementor-button elementor-button-link elementor-size-sm\" href=\"https:\/\/instytuteuropejski.pl\/en\/dzialalnosc\/ksztalcenie-zawodowe\/\">\n\t\t\t\t\t\t<span class=\"elementor-button-content-wrapper\">\n\t\t\t\t\t\t\t\t\t<span class=\"elementor-button-text\">Kszta\u0142cenie zawodowe<\/span>\n\t\t\t\t\t<\/span>\n\t\t\t\t\t<\/a>\n\t\t\t\t<\/div>\n\t\t\t\t\t\t\t\t<\/div>\n\t\t\t\t<\/div>\n\t\t\t\t<div class=\"elementor-element elementor-element-76382cb dsvy-btn-shape-rounded elementor-align-justify dsvy-btn-color-globalcolor dsvy-btn-style-flat elementor-widget elementor-widget-button\" data-id=\"76382cb\" data-element_type=\"widget\" data-e-type=\"widget\" data-widget_type=\"button.default\">\n\t\t\t\t<div class=\"elementor-widget-container\">\n\t\t\t\t\t\t\t\t\t<div class=\"elementor-button-wrapper\">\n\t\t\t\t\t<a class=\"elementor-button elementor-button-link elementor-size-sm\" href=\"https:\/\/instytuteuropejski.pl\/en\/dzialalnosc\/inicjatywy-mlodziezy\/\">\n\t\t\t\t\t\t<span class=\"elementor-button-content-wrapper\">\n\t\t\t\t\t\t\t\t\t<span class=\"elementor-button-text\">Sport Education<\/span>\n\t\t\t\t\t<\/span>\n\t\t\t\t\t<\/a>\n\t\t\t\t<\/div>\n\t\t\t\t\t\t\t\t<\/div>\n\t\t\t\t<\/div>\n\t\t\t\t<section class=\"elementor-section elementor-inner-section elementor-element elementor-element-4de595f dsvy-col-stretched-none dsvy-bg-color-over-image elementor-section-boxed elementor-section-height-default elementor-section-height-default\" data-id=\"4de595f\" data-element_type=\"section\" data-e-type=\"section\" data-settings=\"{&quot;background_background&quot;:&quot;classic&quot;}\">\n\t\t\t\t\t\t<div class=\"elementor-container elementor-column-gap-default\">\n\t\t\t\t\t<div class=\"elementor-column elementor-col-100 elementor-inner-column elementor-element elementor-element-e23760f dsvy-bg-color-over-image\" data-id=\"e23760f\" data-element_type=\"column\" data-e-type=\"column\">\n\t\t\t<div class=\"elementor-widget-wrap\">\n\t\t\t\t\t\t\t<\/div>\n\t\t<\/div>\n\t\t\t\t\t<\/div>\n\t\t<\/section>\n\t\t\t\t\t<\/div>\n\t\t<\/div>\n\t\t\t\t<div class=\"elementor-column elementor-col-66 elementor-top-column elementor-element elementor-element-a32268b dsvy-bg-color-over-image\" data-id=\"a32268b\" data-element_type=\"column\" data-e-type=\"column\">\n\t\t\t<div class=\"elementor-widget-wrap elementor-element-populated\">\n\t\t\t\t\t\t<div class=\"elementor-element elementor-element-fd2184a elementor-widget elementor-widget-heading\" data-id=\"fd2184a\" data-element_type=\"widget\" data-e-type=\"widget\" data-widget_type=\"heading.default\">\n\t\t\t\t<div class=\"elementor-widget-container\">\n\t\t\t\t\t<h2 class=\"elementor-heading-title elementor-size-default\">O dzia\u0142alno\u015bci<\/h2>\t\t\t\t<\/div>\n\t\t\t\t<\/div>\n\t\t\t\t<div class=\"elementor-element elementor-element-660367f elementor-widget elementor-widget-text-editor\" data-id=\"660367f\" data-element_type=\"widget\" data-e-type=\"widget\" data-widget_type=\"text-editor.default\">\n\t\t\t\t<div class=\"elementor-widget-container\">\n\t\t\t\t\t\t\t\t\t<p>Edukacja sportowa to kolejny wa\u017cny obszar dzia\u0142alno\u015bci Fundacji Instytut Europejski, kt\u00f3ry \u0142\u0105czy aktywno\u015b\u0107 fizyczn\u0105 z rozwojem kompetencji spo\u0142ecznych, zdrowotnych i wychowawczych. Fundacja pokazuje, \u017ce sport to nie tylko rywalizacja, ale tak\u017ce narz\u0119dzie budowania charakteru, wsp\u00f3\u0142pracy i odpowiedzialno\u015bci.<\/p><p>W ramach edukacji sportowej organizacja wspiera dzia\u0142ania promuj\u0105ce zdrowy styl \u017cycia, regularn\u0105 aktywno\u015b\u0107 oraz \u015bwiadome podej\u015bcie do ruchu i kondycji. Tego typu inicjatywy pomagaj\u0105 rozwija\u0107 nawyki, kt\u00f3re maj\u0105 znaczenie zar\u00f3wno w codziennym funkcjonowaniu, jak i w d\u0142ugofalowym dbaniu o zdrowie oraz dobre samopoczucie.<\/p><p>Edukacja sportowa w Fundacji Instytut Europejski to tak\u017ce spos\u00f3b na wzmacnianie integracji, motywacji i zaanga\u017cowania uczestnik\u00f3w. Poprzez dobrze zaplanowane dzia\u0142ania sportowe fundacja tworzy przestrze\u0144, w kt\u00f3rej aktywno\u015b\u0107 fizyczna staje si\u0119 elementem rozwoju osobistego, wsp\u00f3\u0142pracy i budowania silniejszych relacji spo\u0142ecznych.<\/p>\t\t\t\t\t\t\t\t<\/div>\n\t\t\t\t<\/div>\n\t\t\t\t\t<\/div>\n\t\t<\/div>\n\t\t\t\t\t<\/div>\n\t\t<\/section>\n\t\t\t\t<\/div>","protected":false},"excerpt":{"rendered":"<p>Obszary dzia\u0142ania: Wybierz interesuj\u0105cy Ci\u0119 obszar dzia\u0142ania Instytutu Europejskiego: Think tank Inicjatywy m\u0142odzie\u017cowe Edukacja Doros\u0142ych Kszta\u0142cenie zawodowe Edukacja sportowa O dzia\u0142alno\u015bci Edukacja sportowa to kolejny wa\u017cny obszar dzia\u0142alno\u015bci Fundacji Instytut Europejski, kt\u00f3ry \u0142\u0105czy aktywno\u015b\u0107 fizyczn\u0105 z rozwojem kompetencji spo\u0142ecznych, zdrowotnych i wychowawczych. Fundacja pokazuje, \u017ce sport to nie tylko rywalizacja, ale tak\u017ce narz\u0119dzie budowania charakteru, wsp\u00f3\u0142pracy i odpowiedzialno\u015bci. W ramach edukacji sportowej organizacja wspiera dzia\u0142ania promuj\u0105ce zdrowy styl \u017cycia, regularn\u0105[&hellip;]<\/p>\n","protected":false},"author":1,"featured_media":0,"parent":466,"menu_order":0,"comment_status":"closed","ping_status":"closed","template":"","meta":{"_acf_changed":false,"give_campaign_id":0,"footnotes":""},"class_list":["post-565","page","type-page","status-publish","hentry"],"acf":[],"campaignId":"","_links":{"self":[{"href":"https:\/\/instytuteuropejski.pl\/en\/wp-json\/wp\/v2\/pages\/565","targetHints":{"allow":["GET"]}}],"collection":[{"href":"https:\/\/instytuteuropejski.pl\/en\/wp-json\/wp\/v2\/pages"}],"about":[{"href":"https:\/\/instytuteuropejski.pl\/en\/wp-json\/wp\/v2\/types\/page"}],"author":[{"embeddable":true,"href":"https:\/\/instytuteuropejski.pl\/en\/wp-json\/wp\/v2\/users\/1"}],"replies":[{"embeddable":true,"href":"https:\/\/instytuteuropejski.pl\/en\/wp-json\/wp\/v2\/comments?post=565"}],"version-history":[{"count":14,"href":"https:\/\/instytuteuropejski.pl\/en\/wp-json\/wp\/v2\/pages\/565\/revisions"}],"predecessor-version":[{"id":582,"href":"https:\/\/instytuteuropejski.pl\/en\/wp-json\/wp\/v2\/pages\/565\/revisions\/582"}],"up":[{"embeddable":true,"href":"https:\/\/instytuteuropejski.pl\/en\/wp-json\/wp\/v2\/pages\/466"}],"wp:attachment":[{"href":"https:\/\/instytuteuropejski.pl\/en\/wp-json\/wp\/v2\/media?parent=565"}],"curies":[{"name":"wp","href":"https:\/\/api.w.org\/{rel}","templated":true}]}}