{"id":549,"date":"2026-03-19T11:31:02","date_gmt":"2026-03-19T10:31:02","guid":{"rendered":"https:\/\/instytuteuropejski.pl\/?page_id=549"},"modified":"2026-03-25T15:09:40","modified_gmt":"2026-03-25T14:09:40","slug":"edukacja-doroslych","status":"publish","type":"page","link":"https:\/\/instytuteuropejski.pl\/en\/dzialalnosc\/edukacja-doroslych\/","title":{"rendered":"Edukacja doros\u0142ych"},"content":{"rendered":"<div data-elementor-type=\"wp-page\" data-elementor-id=\"549\" class=\"elementor elementor-549\">\n\t\t\t\t\t\t<section class=\"elementor-section elementor-top-section elementor-element elementor-element-e94b684 dsvy-col-stretched-none dsvy-bg-color-over-image elementor-section-boxed elementor-section-height-default elementor-section-height-default\" data-id=\"e94b684\" data-element_type=\"section\" data-e-type=\"section\">\n\t\t\t\t\t\t<div class=\"elementor-container elementor-column-gap-default\">\n\t\t\t\t\t<div class=\"elementor-column elementor-col-33 elementor-top-column elementor-element elementor-element-1205270 dsvy-bg-color-yes dsvy-elementor-bg-color-white dsvy-bg-color-over-image\" data-id=\"1205270\" data-element_type=\"column\" data-e-type=\"column\">\n\t\t\t<div class=\"elementor-widget-wrap elementor-element-populated\">\n\t\t\t\t\t\t<div class=\"elementor-element elementor-element-7fba876 elementor-widget elementor-widget-heading\" data-id=\"7fba876\" data-element_type=\"widget\" data-e-type=\"widget\" data-widget_type=\"heading.default\">\n\t\t\t\t<div class=\"elementor-widget-container\">\n\t\t\t\t\t<h3 class=\"elementor-heading-title elementor-size-default\">Obszary dzia\u0142ania:<\/h3>\t\t\t\t<\/div>\n\t\t\t\t<\/div>\n\t\t\t\t<div class=\"elementor-element elementor-element-dbc8be0 elementor-widget elementor-widget-text-editor\" data-id=\"dbc8be0\" data-element_type=\"widget\" data-e-type=\"widget\" data-widget_type=\"text-editor.default\">\n\t\t\t\t<div class=\"elementor-widget-container\">\n\t\t\t\t\t\t\t\t\t<p>Wybierz interesuj\u0105cy Ci\u0119 obszar dzia\u0142ania Instytutu Europejskiego:<\/p>\t\t\t\t\t\t\t\t<\/div>\n\t\t\t\t<\/div>\n\t\t\t\t<div class=\"elementor-element elementor-element-bef5207 dsvy-btn-color-white dsvy-btn-shape-rounded elementor-align-justify dsvy-btn-style-flat elementor-widget elementor-widget-button\" data-id=\"bef5207\" data-element_type=\"widget\" data-e-type=\"widget\" data-widget_type=\"button.default\">\n\t\t\t\t<div class=\"elementor-widget-container\">\n\t\t\t\t\t\t\t\t\t<div class=\"elementor-button-wrapper\">\n\t\t\t\t\t<a class=\"elementor-button elementor-button-link elementor-size-sm\" href=\"https:\/\/instytuteuropejski.pl\/en\/dzialalnosc\/think-tank\/\">\n\t\t\t\t\t\t<span class=\"elementor-button-content-wrapper\">\n\t\t\t\t\t\t\t\t\t<span class=\"elementor-button-text\">Think tank<\/span>\n\t\t\t\t\t<\/span>\n\t\t\t\t\t<\/a>\n\t\t\t\t<\/div>\n\t\t\t\t\t\t\t\t<\/div>\n\t\t\t\t<\/div>\n\t\t\t\t<div class=\"elementor-element elementor-element-ff675bb dsvy-btn-color-white dsvy-btn-shape-rounded elementor-align-justify dsvy-btn-style-flat elementor-widget elementor-widget-button\" data-id=\"ff675bb\" data-element_type=\"widget\" data-e-type=\"widget\" data-widget_type=\"button.default\">\n\t\t\t\t<div class=\"elementor-widget-container\">\n\t\t\t\t\t\t\t\t\t<div class=\"elementor-button-wrapper\">\n\t\t\t\t\t<a class=\"elementor-button elementor-button-link elementor-size-sm\" href=\"https:\/\/instytuteuropejski.pl\/en\/dzialalnosc\/inicjatywy-mlodziezy\/\">\n\t\t\t\t\t\t<span class=\"elementor-button-content-wrapper\">\n\t\t\t\t\t\t\t\t\t<span class=\"elementor-button-text\">Inicjatywy m\u0142odzie\u017cy<\/span>\n\t\t\t\t\t<\/span>\n\t\t\t\t\t<\/a>\n\t\t\t\t<\/div>\n\t\t\t\t\t\t\t\t<\/div>\n\t\t\t\t<\/div>\n\t\t\t\t<div class=\"elementor-element elementor-element-76382cb dsvy-btn-shape-rounded elementor-align-justify dsvy-btn-color-globalcolor dsvy-btn-style-flat elementor-widget elementor-widget-button\" data-id=\"76382cb\" data-element_type=\"widget\" data-e-type=\"widget\" data-widget_type=\"button.default\">\n\t\t\t\t<div class=\"elementor-widget-container\">\n\t\t\t\t\t\t\t\t\t<div class=\"elementor-button-wrapper\">\n\t\t\t\t\t<a class=\"elementor-button elementor-button-link elementor-size-sm\" href=\"https:\/\/instytuteuropejski.pl\/en\/dzialalnosc\/edukacja-doroslych\/\">\n\t\t\t\t\t\t<span class=\"elementor-button-content-wrapper\">\n\t\t\t\t\t\t\t\t\t<span class=\"elementor-button-text\">Adult education<\/span>\n\t\t\t\t\t<\/span>\n\t\t\t\t\t<\/a>\n\t\t\t\t<\/div>\n\t\t\t\t\t\t\t\t<\/div>\n\t\t\t\t<\/div>\n\t\t\t\t<div class=\"elementor-element elementor-element-4a32bf4 dsvy-btn-color-white dsvy-btn-shape-rounded elementor-align-justify dsvy-btn-style-flat elementor-widget elementor-widget-button\" data-id=\"4a32bf4\" data-element_type=\"widget\" data-e-type=\"widget\" data-widget_type=\"button.default\">\n\t\t\t\t<div class=\"elementor-widget-container\">\n\t\t\t\t\t\t\t\t\t<div class=\"elementor-button-wrapper\">\n\t\t\t\t\t<a class=\"elementor-button elementor-button-link elementor-size-sm\" href=\"https:\/\/instytuteuropejski.pl\/en\/dzialalnosc\/ksztalcenie-zawodowe\/\">\n\t\t\t\t\t\t<span class=\"elementor-button-content-wrapper\">\n\t\t\t\t\t\t\t\t\t<span class=\"elementor-button-text\">Kszta\u0142cenie zawodowe<\/span>\n\t\t\t\t\t<\/span>\n\t\t\t\t\t<\/a>\n\t\t\t\t<\/div>\n\t\t\t\t\t\t\t\t<\/div>\n\t\t\t\t<\/div>\n\t\t\t\t<div class=\"elementor-element elementor-element-9eb5f46 dsvy-btn-color-white dsvy-btn-shape-rounded elementor-align-justify dsvy-btn-style-flat elementor-widget elementor-widget-button\" data-id=\"9eb5f46\" data-element_type=\"widget\" data-e-type=\"widget\" data-widget_type=\"button.default\">\n\t\t\t\t<div class=\"elementor-widget-container\">\n\t\t\t\t\t\t\t\t\t<div class=\"elementor-button-wrapper\">\n\t\t\t\t\t<a class=\"elementor-button elementor-button-link elementor-size-sm\" href=\"https:\/\/instytuteuropejski.pl\/en\/dzialalnosc\/edukacja-sportowa\/\">\n\t\t\t\t\t\t<span class=\"elementor-button-content-wrapper\">\n\t\t\t\t\t\t\t\t\t<span class=\"elementor-button-text\">Sport Education<\/span>\n\t\t\t\t\t<\/span>\n\t\t\t\t\t<\/a>\n\t\t\t\t<\/div>\n\t\t\t\t\t\t\t\t<\/div>\n\t\t\t\t<\/div>\n\t\t\t\t<section class=\"elementor-section elementor-inner-section elementor-element elementor-element-4de595f dsvy-col-stretched-none dsvy-bg-color-over-image elementor-section-boxed elementor-section-height-default elementor-section-height-default\" data-id=\"4de595f\" data-element_type=\"section\" data-e-type=\"section\" data-settings=\"{&quot;background_background&quot;:&quot;classic&quot;}\">\n\t\t\t\t\t\t<div class=\"elementor-container elementor-column-gap-default\">\n\t\t\t\t\t<div class=\"elementor-column elementor-col-100 elementor-inner-column elementor-element elementor-element-e23760f dsvy-bg-color-over-image\" data-id=\"e23760f\" data-element_type=\"column\" data-e-type=\"column\">\n\t\t\t<div class=\"elementor-widget-wrap\">\n\t\t\t\t\t\t\t<\/div>\n\t\t<\/div>\n\t\t\t\t\t<\/div>\n\t\t<\/section>\n\t\t\t\t\t<\/div>\n\t\t<\/div>\n\t\t\t\t<div class=\"elementor-column elementor-col-66 elementor-top-column elementor-element elementor-element-a32268b dsvy-bg-color-over-image\" data-id=\"a32268b\" data-element_type=\"column\" data-e-type=\"column\">\n\t\t\t<div class=\"elementor-widget-wrap elementor-element-populated\">\n\t\t\t\t\t\t<div class=\"elementor-element elementor-element-fd2184a elementor-widget elementor-widget-heading\" data-id=\"fd2184a\" data-element_type=\"widget\" data-e-type=\"widget\" data-widget_type=\"heading.default\">\n\t\t\t\t<div class=\"elementor-widget-container\">\n\t\t\t\t\t<h2 class=\"elementor-heading-title elementor-size-default\">O dzia\u0142alno\u015bci<\/h2>\t\t\t\t<\/div>\n\t\t\t\t<\/div>\n\t\t\t\t<div class=\"elementor-element elementor-element-660367f elementor-widget elementor-widget-text-editor\" data-id=\"660367f\" data-element_type=\"widget\" data-e-type=\"widget\" data-widget_type=\"text-editor.default\">\n\t\t\t\t<div class=\"elementor-widget-container\">\n\t\t\t\t\t\t\t\t\t<p>Fundacja Instytut Europejski rozwija obszar\u00a0<strong>Edukacja doros\u0142ych<\/strong>\u00a0jako odpowied\u017a na potrzeb\u0119 uczenia si\u0119 przez ca\u0142e \u017cycie i wzmacniania kompetencji, kt\u00f3re s\u0105 przydatne zar\u00f3wno zawodowo, jak i spo\u0142ecznie. Zgodnie z opisem na stronie, edukacja doros\u0142ych obejmuje formalne i nieformalne procesy kszta\u0142cenia, kt\u00f3re uzupe\u0142niaj\u0105 wcze\u015bniejsze wykszta\u0142cenie oraz pomagaj\u0105 zdobywa\u0107 now\u0105 wiedz\u0119 i umiej\u0119tno\u015bci. To dzia\u0142alno\u015b\u0107 skierowana do os\u00f3b, kt\u00f3re chc\u0105 rozwija\u0107 si\u0119 praktycznie, poszerza\u0107 horyzonty i lepiej odnajdywa\u0107 si\u0119 we wsp\u00f3\u0142czesnym \u015bwiecie.<\/p><p>Fundacja stawia na projekty, kt\u00f3re wspieraj\u0105 rozw\u00f3j kwalifikacji, mobilno\u015b\u0107 na rynku pracy oraz integracj\u0119 spo\u0142eczn\u0105. W praktyce oznacza to tworzenie przestrzeni do zdobywania kompetencji kluczowych, podnoszenia poziomu umiej\u0119tno\u015bci oraz korzystania z bardziej dost\u0119pnych form kszta\u0142cenia dla os\u00f3b doros\u0142ych. To wa\u017cny kierunek dzia\u0142ania, bo pozwala \u0142\u0105czy\u0107 edukacj\u0119 z realnymi potrzebami uczestnik\u00f3w i odpowiada na wyzwania zwi\u0105zane z aktywno\u015bci\u0105 zawodow\u0105 oraz \u017cyciem spo\u0142ecznym.<\/p><p>W ofercie Fundacji Instytut Europejski znajduj\u0105 si\u0119 tak\u017ce szkolenia rozwijaj\u0105ce kreatywno\u015b\u0107, krytyczne my\u015blenie, komunikacj\u0119 i wsp\u00f3\u0142prac\u0119, czyli kompetencje szczeg\u00f3lnie cenione w pracy i w \u017cyciu codziennym. Dzi\u0119ki temu edukacja doros\u0142ych nie ogranicza si\u0119 wy\u0142\u0105cznie do teorii, ale przek\u0142ada si\u0119 na praktyczne umiej\u0119tno\u015bci, kt\u00f3re mo\u017cna wykorzystywa\u0107 od razu po zako\u0144czeniu zaj\u0119\u0107. To podej\u015bcie wzmacnia zar\u00f3wno rozw\u00f3j osobisty, jak i zawodowy uczestnik\u00f3w.<\/p><p>Istotnym elementem tej dzia\u0142alno\u015bci jest tak\u017ce edukacja pozaformalna, kt\u00f3ra od lat stanowi wa\u017cn\u0105 cz\u0119\u015b\u0107 misji fundacji i jej program\u00f3w edukacyjnych. Fundacja realizuje zaj\u0119cia prowadzone przez wykwalifikowan\u0105 kadr\u0119 w Warszawie, Krakowie oraz na terenie wojew\u00f3dztwa \u015bl\u0105skiego, co pokazuje jej szeroki zasi\u0119g i praktyczne podej\u015bcie do pracy z doros\u0142ymi. Dzi\u0119ki temu oferta jest bliska uczestnikom i osadzona w realnych potrzebach lokalnych spo\u0142eczno\u015bci.<\/p><p>Edukacja doros\u0142ych w Fundacji Instytut Europejski to r\u00f3wnie\u017c budowanie postawy otwarto\u015bci, aktywno\u015bci i gotowo\u015bci do dalszego rozwoju niezale\u017cnie od wieku. Organizacja podkre\u015bla, \u017ce lepsza wiedza i szersze kompetencje wzmacniaj\u0105 zar\u00f3wno jednostk\u0119, jak i ca\u0142e spo\u0142ecze\u0144stwo. W ten spos\u00f3b fundacja wspiera ide\u0119 uczenia si\u0119 przez ca\u0142e \u017cycie i pokazuje, \u017ce rozw\u00f3j nie ko\u0144czy si\u0119 wraz z formaln\u0105 edukacj\u0105.<\/p>\t\t\t\t\t\t\t\t<\/div>\n\t\t\t\t<\/div>\n\t\t\t\t\t<\/div>\n\t\t<\/div>\n\t\t\t\t\t<\/div>\n\t\t<\/section>\n\t\t\t\t<\/div>","protected":false},"excerpt":{"rendered":"<p>Obszary dzia\u0142ania: Wybierz interesuj\u0105cy Ci\u0119 obszar dzia\u0142ania Instytutu Europejskiego: Think tank Inicjatywy m\u0142odzie\u017cy Edukacja Doros\u0142ych Kszta\u0142cenie zawodowe Edukacja sportowa O dzia\u0142alno\u015bci Fundacja Instytut Europejski rozwija obszar\u00a0Edukacja doros\u0142ych\u00a0jako odpowied\u017a na potrzeb\u0119 uczenia si\u0119 przez ca\u0142e \u017cycie i wzmacniania kompetencji, kt\u00f3re s\u0105 przydatne zar\u00f3wno zawodowo, jak i spo\u0142ecznie. Zgodnie z opisem na stronie, edukacja doros\u0142ych obejmuje formalne i nieformalne procesy kszta\u0142cenia, kt\u00f3re uzupe\u0142niaj\u0105 wcze\u015bniejsze wykszta\u0142cenie oraz pomagaj\u0105 zdobywa\u0107 now\u0105 wiedz\u0119 i umiej\u0119tno\u015bci.[&hellip;]<\/p>\n","protected":false},"author":1,"featured_media":0,"parent":466,"menu_order":0,"comment_status":"closed","ping_status":"closed","template":"","meta":{"_acf_changed":false,"give_campaign_id":0,"footnotes":""},"class_list":["post-549","page","type-page","status-publish","hentry"],"acf":[],"campaignId":"","_links":{"self":[{"href":"https:\/\/instytuteuropejski.pl\/en\/wp-json\/wp\/v2\/pages\/549","targetHints":{"allow":["GET"]}}],"collection":[{"href":"https:\/\/instytuteuropejski.pl\/en\/wp-json\/wp\/v2\/pages"}],"about":[{"href":"https:\/\/instytuteuropejski.pl\/en\/wp-json\/wp\/v2\/types\/page"}],"author":[{"embeddable":true,"href":"https:\/\/instytuteuropejski.pl\/en\/wp-json\/wp\/v2\/users\/1"}],"replies":[{"embeddable":true,"href":"https:\/\/instytuteuropejski.pl\/en\/wp-json\/wp\/v2\/comments?post=549"}],"version-history":[{"count":10,"href":"https:\/\/instytuteuropejski.pl\/en\/wp-json\/wp\/v2\/pages\/549\/revisions"}],"predecessor-version":[{"id":594,"href":"https:\/\/instytuteuropejski.pl\/en\/wp-json\/wp\/v2\/pages\/549\/revisions\/594"}],"up":[{"embeddable":true,"href":"https:\/\/instytuteuropejski.pl\/en\/wp-json\/wp\/v2\/pages\/466"}],"wp:attachment":[{"href":"https:\/\/instytuteuropejski.pl\/en\/wp-json\/wp\/v2\/media?parent=549"}],"curies":[{"name":"wp","href":"https:\/\/api.w.org\/{rel}","templated":true}]}}