{"id":541,"date":"2026-03-19T11:31:02","date_gmt":"2026-03-19T10:31:02","guid":{"rendered":"https:\/\/instytuteuropejski.pl\/?page_id=541"},"modified":"2026-03-25T15:05:17","modified_gmt":"2026-03-25T14:05:17","slug":"inicjatywy-mlodziezy","status":"publish","type":"page","link":"https:\/\/instytuteuropejski.pl\/en\/dzialalnosc\/inicjatywy-mlodziezy\/","title":{"rendered":"Inicjatywy m\u0142odzie\u017cy"},"content":{"rendered":"<div data-elementor-type=\"wp-page\" data-elementor-id=\"541\" class=\"elementor elementor-541\">\n\t\t\t\t\t\t<section class=\"elementor-section elementor-top-section elementor-element elementor-element-e94b684 dsvy-col-stretched-none dsvy-bg-color-over-image elementor-section-boxed elementor-section-height-default elementor-section-height-default\" data-id=\"e94b684\" data-element_type=\"section\" data-e-type=\"section\">\n\t\t\t\t\t\t<div class=\"elementor-container elementor-column-gap-default\">\n\t\t\t\t\t<div class=\"elementor-column elementor-col-33 elementor-top-column elementor-element elementor-element-1205270 dsvy-bg-color-yes dsvy-elementor-bg-color-white dsvy-bg-color-over-image\" data-id=\"1205270\" data-element_type=\"column\" data-e-type=\"column\">\n\t\t\t<div class=\"elementor-widget-wrap elementor-element-populated\">\n\t\t\t\t\t\t<div class=\"elementor-element elementor-element-7fba876 elementor-widget elementor-widget-heading\" data-id=\"7fba876\" data-element_type=\"widget\" data-e-type=\"widget\" data-widget_type=\"heading.default\">\n\t\t\t\t<div class=\"elementor-widget-container\">\n\t\t\t\t\t<h3 class=\"elementor-heading-title elementor-size-default\">Obszary dzia\u0142ania:<\/h3>\t\t\t\t<\/div>\n\t\t\t\t<\/div>\n\t\t\t\t<div class=\"elementor-element elementor-element-dbc8be0 elementor-widget elementor-widget-text-editor\" data-id=\"dbc8be0\" data-element_type=\"widget\" data-e-type=\"widget\" data-widget_type=\"text-editor.default\">\n\t\t\t\t<div class=\"elementor-widget-container\">\n\t\t\t\t\t\t\t\t\t<p>Wybierz interesuj\u0105cy Ci\u0119 obszar dzia\u0142ania Instytutu Europejskiego:<\/p>\t\t\t\t\t\t\t\t<\/div>\n\t\t\t\t<\/div>\n\t\t\t\t<div class=\"elementor-element elementor-element-bef5207 dsvy-btn-color-white dsvy-btn-shape-rounded elementor-align-justify dsvy-btn-style-flat elementor-widget elementor-widget-button\" data-id=\"bef5207\" data-element_type=\"widget\" data-e-type=\"widget\" data-widget_type=\"button.default\">\n\t\t\t\t<div class=\"elementor-widget-container\">\n\t\t\t\t\t\t\t\t\t<div class=\"elementor-button-wrapper\">\n\t\t\t\t\t<a class=\"elementor-button elementor-button-link elementor-size-sm\" href=\"https:\/\/instytuteuropejski.pl\/en\/dzialalnosc\/think-tank\/\">\n\t\t\t\t\t\t<span class=\"elementor-button-content-wrapper\">\n\t\t\t\t\t\t\t\t\t<span class=\"elementor-button-text\">Think tank<\/span>\n\t\t\t\t\t<\/span>\n\t\t\t\t\t<\/a>\n\t\t\t\t<\/div>\n\t\t\t\t\t\t\t\t<\/div>\n\t\t\t\t<\/div>\n\t\t\t\t<div class=\"elementor-element elementor-element-76382cb dsvy-btn-shape-rounded elementor-align-justify dsvy-btn-color-globalcolor dsvy-btn-style-flat elementor-widget elementor-widget-button\" data-id=\"76382cb\" data-element_type=\"widget\" data-e-type=\"widget\" data-widget_type=\"button.default\">\n\t\t\t\t<div class=\"elementor-widget-container\">\n\t\t\t\t\t\t\t\t\t<div class=\"elementor-button-wrapper\">\n\t\t\t\t\t<a class=\"elementor-button elementor-button-link elementor-size-sm\" href=\"https:\/\/instytuteuropejski.pl\/en\/dzialalnosc\/inicjatywy-mlodziezy\/\">\n\t\t\t\t\t\t<span class=\"elementor-button-content-wrapper\">\n\t\t\t\t\t\t\t\t\t<span class=\"elementor-button-text\">Inicjatywy m\u0142odzie\u017cy<\/span>\n\t\t\t\t\t<\/span>\n\t\t\t\t\t<\/a>\n\t\t\t\t<\/div>\n\t\t\t\t\t\t\t\t<\/div>\n\t\t\t\t<\/div>\n\t\t\t\t<div class=\"elementor-element elementor-element-ff675bb dsvy-btn-color-white dsvy-btn-shape-rounded elementor-align-justify dsvy-btn-style-flat elementor-widget elementor-widget-button\" data-id=\"ff675bb\" data-element_type=\"widget\" data-e-type=\"widget\" data-widget_type=\"button.default\">\n\t\t\t\t<div class=\"elementor-widget-container\">\n\t\t\t\t\t\t\t\t\t<div class=\"elementor-button-wrapper\">\n\t\t\t\t\t<a class=\"elementor-button elementor-button-link elementor-size-sm\" href=\"https:\/\/instytuteuropejski.pl\/en\/dzialalnosc\/edukacja-doroslych\/\">\n\t\t\t\t\t\t<span class=\"elementor-button-content-wrapper\">\n\t\t\t\t\t\t\t\t\t<span class=\"elementor-button-text\">Adult education<\/span>\n\t\t\t\t\t<\/span>\n\t\t\t\t\t<\/a>\n\t\t\t\t<\/div>\n\t\t\t\t\t\t\t\t<\/div>\n\t\t\t\t<\/div>\n\t\t\t\t<div class=\"elementor-element elementor-element-4a32bf4 dsvy-btn-color-white dsvy-btn-shape-rounded elementor-align-justify dsvy-btn-style-flat elementor-widget elementor-widget-button\" data-id=\"4a32bf4\" data-element_type=\"widget\" data-e-type=\"widget\" data-widget_type=\"button.default\">\n\t\t\t\t<div class=\"elementor-widget-container\">\n\t\t\t\t\t\t\t\t\t<div class=\"elementor-button-wrapper\">\n\t\t\t\t\t<a class=\"elementor-button elementor-button-link elementor-size-sm\" href=\"https:\/\/instytuteuropejski.pl\/en\/dzialalnosc\/ksztalcenie-zawodowe\/\">\n\t\t\t\t\t\t<span class=\"elementor-button-content-wrapper\">\n\t\t\t\t\t\t\t\t\t<span class=\"elementor-button-text\">Kszta\u0142cenie zawodowe<\/span>\n\t\t\t\t\t<\/span>\n\t\t\t\t\t<\/a>\n\t\t\t\t<\/div>\n\t\t\t\t\t\t\t\t<\/div>\n\t\t\t\t<\/div>\n\t\t\t\t<div class=\"elementor-element elementor-element-9eb5f46 dsvy-btn-color-white dsvy-btn-shape-rounded elementor-align-justify dsvy-btn-style-flat elementor-widget elementor-widget-button\" data-id=\"9eb5f46\" data-element_type=\"widget\" data-e-type=\"widget\" data-widget_type=\"button.default\">\n\t\t\t\t<div class=\"elementor-widget-container\">\n\t\t\t\t\t\t\t\t\t<div class=\"elementor-button-wrapper\">\n\t\t\t\t\t<a class=\"elementor-button elementor-button-link elementor-size-sm\" href=\"https:\/\/instytuteuropejski.pl\/en\/dzialalnosc\/edukacja-sportowa\/\">\n\t\t\t\t\t\t<span class=\"elementor-button-content-wrapper\">\n\t\t\t\t\t\t\t\t\t<span class=\"elementor-button-text\">Sport Education<\/span>\n\t\t\t\t\t<\/span>\n\t\t\t\t\t<\/a>\n\t\t\t\t<\/div>\n\t\t\t\t\t\t\t\t<\/div>\n\t\t\t\t<\/div>\n\t\t\t\t<section class=\"elementor-section elementor-inner-section elementor-element elementor-element-4de595f dsvy-col-stretched-none dsvy-bg-color-over-image elementor-section-boxed elementor-section-height-default elementor-section-height-default\" data-id=\"4de595f\" data-element_type=\"section\" data-e-type=\"section\" data-settings=\"{&quot;background_background&quot;:&quot;classic&quot;}\">\n\t\t\t\t\t\t<div class=\"elementor-container elementor-column-gap-default\">\n\t\t\t\t\t<div class=\"elementor-column elementor-col-100 elementor-inner-column elementor-element elementor-element-e23760f dsvy-bg-color-over-image\" data-id=\"e23760f\" data-element_type=\"column\" data-e-type=\"column\">\n\t\t\t<div class=\"elementor-widget-wrap\">\n\t\t\t\t\t\t\t<\/div>\n\t\t<\/div>\n\t\t\t\t\t<\/div>\n\t\t<\/section>\n\t\t\t\t\t<\/div>\n\t\t<\/div>\n\t\t\t\t<div class=\"elementor-column elementor-col-66 elementor-top-column elementor-element elementor-element-a32268b dsvy-bg-color-over-image\" data-id=\"a32268b\" data-element_type=\"column\" data-e-type=\"column\">\n\t\t\t<div class=\"elementor-widget-wrap elementor-element-populated\">\n\t\t\t\t\t\t<div class=\"elementor-element elementor-element-fd2184a elementor-widget elementor-widget-heading\" data-id=\"fd2184a\" data-element_type=\"widget\" data-e-type=\"widget\" data-widget_type=\"heading.default\">\n\t\t\t\t<div class=\"elementor-widget-container\">\n\t\t\t\t\t<h2 class=\"elementor-heading-title elementor-size-default\">O dzia\u0142alno\u015bci<\/h2>\t\t\t\t<\/div>\n\t\t\t\t<\/div>\n\t\t\t\t<div class=\"elementor-element elementor-element-660367f elementor-widget elementor-widget-text-editor\" data-id=\"660367f\" data-element_type=\"widget\" data-e-type=\"widget\" data-widget_type=\"text-editor.default\">\n\t\t\t\t<div class=\"elementor-widget-container\">\n\t\t\t\t\t\t\t\t\t<p>Fundacja Instytut Europejski realizuje inicjatywy m\u0142odzie\u017cowe, kt\u00f3re wspieraj\u0105 rozw\u00f3j aktywno\u015bci obywatelskiej, kompetencji spo\u0142ecznych i poczucia sprawczo\u015bci m\u0142odych ludzi. Organizacja tworzy przestrze\u0144 do zdobywania wiedzy, wymiany do\u015bwiadcze\u0144 oraz anga\u017cowania si\u0119 w dzia\u0142ania wa\u017cne dla lokalnych spo\u0142eczno\u015bci i ca\u0142ej Europy. Dzi\u0119ki temu m\u0142odzie\u017c mo\u017ce lepiej rozumie\u0107 wsp\u00f3\u0142czesne wyzwania i \u015bwiadomie uczestniczy\u0107 w \u017cyciu publicznym.<\/p><p>W ramach dzia\u0142alno\u015bci m\u0142odzie\u017cowej fundacja prowadzi projekty edukacyjne, warsztaty, spotkania i programy rozwojowe, kt\u00f3re pomagaj\u0105 m\u0142odym osobom rozwija\u0107 potencja\u0142 oraz budowa\u0107 postawy oparte na wsp\u00f3\u0142pracy, odpowiedzialno\u015bci i otwarto\u015bci. Istotnym elementem tych dzia\u0142a\u0144 jest promowanie integracji europejskiej, dialogu mi\u0119dzykulturowego oraz aktywno\u015bci spo\u0142ecznej. Fundacja stawia na inicjatywy, kt\u00f3re inspiruj\u0105 m\u0142odych ludzi do dzia\u0142ania i zach\u0119caj\u0105 ich do udzia\u0142u w projektach o realnym znaczeniu.<\/p><p>Inicjatywy m\u0142odzie\u017cowe Fundacji Instytut Europejski s\u0105 r\u00f3wnie\u017c odpowiedzi\u0105 na potrzeb\u0119 wspierania m\u0142odych lider\u00f3w, kt\u00f3rzy chc\u0105 wp\u0142ywa\u0107 na swoje otoczenie. Organizacja pomaga im rozwija\u0107 kompetencje potrzebne w edukacji, pracy i dzia\u0142alno\u015bci spo\u0142ecznej, a jednocze\u015bnie pokazuje, \u017ce zaanga\u017cowanie m\u0142odzie\u017cy ma znaczenie dla przysz\u0142o\u015bci Polski i Europy. To dzia\u0142ania, kt\u00f3re \u0142\u0105cz\u0105 edukacj\u0119, rozw\u00f3j i praktyczne do\u015bwiadczenie w jednym, sp\u00f3jnym obszarze.<\/p>\t\t\t\t\t\t\t\t<\/div>\n\t\t\t\t<\/div>\n\t\t\t\t\t<\/div>\n\t\t<\/div>\n\t\t\t\t\t<\/div>\n\t\t<\/section>\n\t\t\t\t<\/div>","protected":false},"excerpt":{"rendered":"<p>Obszary dzia\u0142ania: Wybierz interesuj\u0105cy Ci\u0119 obszar dzia\u0142ania Instytutu Europejskiego: Think tank Inicjatywy m\u0142odzie\u017cy Edukacja Doros\u0142ych Kszta\u0142cenie zawodowe Edukacja sportowa O dzia\u0142alno\u015bci Fundacja Instytut Europejski realizuje inicjatywy m\u0142odzie\u017cowe, kt\u00f3re wspieraj\u0105 rozw\u00f3j aktywno\u015bci obywatelskiej, kompetencji spo\u0142ecznych i poczucia sprawczo\u015bci m\u0142odych ludzi. Organizacja tworzy przestrze\u0144 do zdobywania wiedzy, wymiany do\u015bwiadcze\u0144 oraz anga\u017cowania si\u0119 w dzia\u0142ania wa\u017cne dla lokalnych spo\u0142eczno\u015bci i ca\u0142ej Europy. Dzi\u0119ki temu m\u0142odzie\u017c mo\u017ce lepiej rozumie\u0107 wsp\u00f3\u0142czesne wyzwania i \u015bwiadomie uczestniczy\u0107[&hellip;]<\/p>\n","protected":false},"author":1,"featured_media":0,"parent":466,"menu_order":0,"comment_status":"closed","ping_status":"closed","template":"","meta":{"_acf_changed":false,"give_campaign_id":0,"footnotes":""},"class_list":["post-541","page","type-page","status-publish","hentry"],"acf":[],"campaignId":"","_links":{"self":[{"href":"https:\/\/instytuteuropejski.pl\/en\/wp-json\/wp\/v2\/pages\/541","targetHints":{"allow":["GET"]}}],"collection":[{"href":"https:\/\/instytuteuropejski.pl\/en\/wp-json\/wp\/v2\/pages"}],"about":[{"href":"https:\/\/instytuteuropejski.pl\/en\/wp-json\/wp\/v2\/types\/page"}],"author":[{"embeddable":true,"href":"https:\/\/instytuteuropejski.pl\/en\/wp-json\/wp\/v2\/users\/1"}],"replies":[{"embeddable":true,"href":"https:\/\/instytuteuropejski.pl\/en\/wp-json\/wp\/v2\/comments?post=541"}],"version-history":[{"count":10,"href":"https:\/\/instytuteuropejski.pl\/en\/wp-json\/wp\/v2\/pages\/541\/revisions"}],"predecessor-version":[{"id":591,"href":"https:\/\/instytuteuropejski.pl\/en\/wp-json\/wp\/v2\/pages\/541\/revisions\/591"}],"up":[{"embeddable":true,"href":"https:\/\/instytuteuropejski.pl\/en\/wp-json\/wp\/v2\/pages\/466"}],"wp:attachment":[{"href":"https:\/\/instytuteuropejski.pl\/en\/wp-json\/wp\/v2\/media?parent=541"}],"curies":[{"name":"wp","href":"https:\/\/api.w.org\/{rel}","templated":true}]}}