{"id":532,"date":"2026-03-19T11:31:02","date_gmt":"2026-03-19T10:31:02","guid":{"rendered":"https:\/\/instytuteuropejski.pl\/?page_id=532"},"modified":"2026-03-25T15:04:02","modified_gmt":"2026-03-25T14:04:02","slug":"think-tank","status":"publish","type":"page","link":"https:\/\/instytuteuropejski.pl\/en\/dzialalnosc\/think-tank\/","title":{"rendered":"Think tank"},"content":{"rendered":"<div data-elementor-type=\"wp-page\" data-elementor-id=\"532\" class=\"elementor elementor-532\">\n\t\t\t\t\t\t<section class=\"elementor-section elementor-top-section elementor-element elementor-element-e94b684 dsvy-col-stretched-none dsvy-bg-color-over-image elementor-section-boxed elementor-section-height-default elementor-section-height-default\" data-id=\"e94b684\" data-element_type=\"section\" data-e-type=\"section\">\n\t\t\t\t\t\t<div class=\"elementor-container elementor-column-gap-default\">\n\t\t\t\t\t<div class=\"elementor-column elementor-col-33 elementor-top-column elementor-element elementor-element-1205270 dsvy-bg-color-yes dsvy-elementor-bg-color-white dsvy-bg-color-over-image\" data-id=\"1205270\" data-element_type=\"column\" data-e-type=\"column\">\n\t\t\t<div class=\"elementor-widget-wrap elementor-element-populated\">\n\t\t\t\t\t\t<div class=\"elementor-element elementor-element-7fba876 elementor-widget elementor-widget-heading\" data-id=\"7fba876\" data-element_type=\"widget\" data-e-type=\"widget\" data-widget_type=\"heading.default\">\n\t\t\t\t<div class=\"elementor-widget-container\">\n\t\t\t\t\t<h3 class=\"elementor-heading-title elementor-size-default\">Obszary dzia\u0142ania:<\/h3>\t\t\t\t<\/div>\n\t\t\t\t<\/div>\n\t\t\t\t<div class=\"elementor-element elementor-element-dbc8be0 elementor-widget elementor-widget-text-editor\" data-id=\"dbc8be0\" data-element_type=\"widget\" data-e-type=\"widget\" data-widget_type=\"text-editor.default\">\n\t\t\t\t<div class=\"elementor-widget-container\">\n\t\t\t\t\t\t\t\t\t<p>Wybierz interesuj\u0105cy Ci\u0119 obszar dzia\u0142ania Instytutu Europejskiego:<\/p>\t\t\t\t\t\t\t\t<\/div>\n\t\t\t\t<\/div>\n\t\t\t\t<div class=\"elementor-element elementor-element-76382cb dsvy-btn-shape-rounded elementor-align-justify dsvy-btn-color-globalcolor dsvy-btn-style-flat elementor-widget elementor-widget-button\" data-id=\"76382cb\" data-element_type=\"widget\" data-e-type=\"widget\" data-widget_type=\"button.default\">\n\t\t\t\t<div class=\"elementor-widget-container\">\n\t\t\t\t\t\t\t\t\t<div class=\"elementor-button-wrapper\">\n\t\t\t\t\t<a class=\"elementor-button elementor-button-link elementor-size-sm\" href=\"https:\/\/instytuteuropejski.pl\/en\/think-tank\/\">\n\t\t\t\t\t\t<span class=\"elementor-button-content-wrapper\">\n\t\t\t\t\t\t\t\t\t<span class=\"elementor-button-text\">Think Tank<\/span>\n\t\t\t\t\t<\/span>\n\t\t\t\t\t<\/a>\n\t\t\t\t<\/div>\n\t\t\t\t\t\t\t\t<\/div>\n\t\t\t\t<\/div>\n\t\t\t\t<div class=\"elementor-element elementor-element-bef5207 dsvy-btn-color-white dsvy-btn-shape-rounded elementor-align-justify dsvy-btn-style-flat elementor-widget elementor-widget-button\" data-id=\"bef5207\" data-element_type=\"widget\" data-e-type=\"widget\" data-widget_type=\"button.default\">\n\t\t\t\t<div class=\"elementor-widget-container\">\n\t\t\t\t\t\t\t\t\t<div class=\"elementor-button-wrapper\">\n\t\t\t\t\t<a class=\"elementor-button elementor-button-link elementor-size-sm\" href=\"https:\/\/instytuteuropejski.pl\/en\/dzialalnosc\/inicjatywy-mlodziezy\/\">\n\t\t\t\t\t\t<span class=\"elementor-button-content-wrapper\">\n\t\t\t\t\t\t\t\t\t<span class=\"elementor-button-text\">Inicjatywy M\u0142odzie\u017cy<\/span>\n\t\t\t\t\t<\/span>\n\t\t\t\t\t<\/a>\n\t\t\t\t<\/div>\n\t\t\t\t\t\t\t\t<\/div>\n\t\t\t\t<\/div>\n\t\t\t\t<div class=\"elementor-element elementor-element-ff675bb dsvy-btn-color-white dsvy-btn-shape-rounded elementor-align-justify dsvy-btn-style-flat elementor-widget elementor-widget-button\" data-id=\"ff675bb\" data-element_type=\"widget\" data-e-type=\"widget\" data-widget_type=\"button.default\">\n\t\t\t\t<div class=\"elementor-widget-container\">\n\t\t\t\t\t\t\t\t\t<div class=\"elementor-button-wrapper\">\n\t\t\t\t\t<a class=\"elementor-button elementor-button-link elementor-size-sm\" href=\"https:\/\/instytuteuropejski.pl\/en\/dzialalnosc\/edukacja-doroslych\/\">\n\t\t\t\t\t\t<span class=\"elementor-button-content-wrapper\">\n\t\t\t\t\t\t\t\t\t<span class=\"elementor-button-text\">Adult education<\/span>\n\t\t\t\t\t<\/span>\n\t\t\t\t\t<\/a>\n\t\t\t\t<\/div>\n\t\t\t\t\t\t\t\t<\/div>\n\t\t\t\t<\/div>\n\t\t\t\t<div class=\"elementor-element elementor-element-4a32bf4 dsvy-btn-color-white dsvy-btn-shape-rounded elementor-align-justify dsvy-btn-style-flat elementor-widget elementor-widget-button\" data-id=\"4a32bf4\" data-element_type=\"widget\" data-e-type=\"widget\" data-widget_type=\"button.default\">\n\t\t\t\t<div class=\"elementor-widget-container\">\n\t\t\t\t\t\t\t\t\t<div class=\"elementor-button-wrapper\">\n\t\t\t\t\t<a class=\"elementor-button elementor-button-link elementor-size-sm\" href=\"https:\/\/instytuteuropejski.pl\/en\/dzialalnosc\/ksztalcenie-zawodowe\/\">\n\t\t\t\t\t\t<span class=\"elementor-button-content-wrapper\">\n\t\t\t\t\t\t\t\t\t<span class=\"elementor-button-text\">Kszta\u0142cenie zawodowe<\/span>\n\t\t\t\t\t<\/span>\n\t\t\t\t\t<\/a>\n\t\t\t\t<\/div>\n\t\t\t\t\t\t\t\t<\/div>\n\t\t\t\t<\/div>\n\t\t\t\t<div class=\"elementor-element elementor-element-9eb5f46 dsvy-btn-color-white dsvy-btn-shape-rounded elementor-align-justify dsvy-btn-style-flat elementor-widget elementor-widget-button\" data-id=\"9eb5f46\" data-element_type=\"widget\" data-e-type=\"widget\" data-widget_type=\"button.default\">\n\t\t\t\t<div class=\"elementor-widget-container\">\n\t\t\t\t\t\t\t\t\t<div class=\"elementor-button-wrapper\">\n\t\t\t\t\t<a class=\"elementor-button elementor-button-link elementor-size-sm\" href=\"https:\/\/instytuteuropejski.pl\/en\/dzialalnosc\/edukacja-sportowa\/\">\n\t\t\t\t\t\t<span class=\"elementor-button-content-wrapper\">\n\t\t\t\t\t\t\t\t\t<span class=\"elementor-button-text\">Sport Education<\/span>\n\t\t\t\t\t<\/span>\n\t\t\t\t\t<\/a>\n\t\t\t\t<\/div>\n\t\t\t\t\t\t\t\t<\/div>\n\t\t\t\t<\/div>\n\t\t\t\t<section class=\"elementor-section elementor-inner-section elementor-element elementor-element-4de595f dsvy-col-stretched-none dsvy-bg-color-over-image elementor-section-boxed elementor-section-height-default elementor-section-height-default\" data-id=\"4de595f\" data-element_type=\"section\" data-e-type=\"section\" data-settings=\"{&quot;background_background&quot;:&quot;classic&quot;}\">\n\t\t\t\t\t\t<div class=\"elementor-container elementor-column-gap-default\">\n\t\t\t\t\t<div class=\"elementor-column elementor-col-100 elementor-inner-column elementor-element elementor-element-e23760f dsvy-bg-color-over-image\" data-id=\"e23760f\" data-element_type=\"column\" data-e-type=\"column\">\n\t\t\t<div class=\"elementor-widget-wrap\">\n\t\t\t\t\t\t\t<\/div>\n\t\t<\/div>\n\t\t\t\t\t<\/div>\n\t\t<\/section>\n\t\t\t\t\t<\/div>\n\t\t<\/div>\n\t\t\t\t<div class=\"elementor-column elementor-col-66 elementor-top-column elementor-element elementor-element-a32268b dsvy-bg-color-over-image\" data-id=\"a32268b\" data-element_type=\"column\" data-e-type=\"column\">\n\t\t\t<div class=\"elementor-widget-wrap elementor-element-populated\">\n\t\t\t\t\t\t<div class=\"elementor-element elementor-element-fd2184a elementor-widget elementor-widget-heading\" data-id=\"fd2184a\" data-element_type=\"widget\" data-e-type=\"widget\" data-widget_type=\"heading.default\">\n\t\t\t\t<div class=\"elementor-widget-container\">\n\t\t\t\t\t<h2 class=\"elementor-heading-title elementor-size-default\">Think tank<\/h2>\t\t\t\t<\/div>\n\t\t\t\t<\/div>\n\t\t\t\t<div class=\"elementor-element elementor-element-660367f elementor-widget elementor-widget-text-editor\" data-id=\"660367f\" data-element_type=\"widget\" data-e-type=\"widget\" data-widget_type=\"text-editor.default\">\n\t\t\t\t<div class=\"elementor-widget-container\">\n\t\t\t\t\t\t\t\t\t<p>Fundacja Instytut Europejski jako\u00a0<strong>Think Tank<\/strong>\u00a0prowadzi rzetelne analizy najwa\u017cniejszych wyzwa\u0144 stoj\u0105cych przed Uni\u0105 Europejsk\u0105. Zesp\u00f3\u0142 ekspert\u00f3w, naukowc\u00f3w i praktyk\u00f3w przygotowuje opracowania dotycz\u0105ce integracji europejskiej, polityki zagranicznej, bezpiecze\u0144stwa, sp\u00f3jno\u015bci spo\u0142ecznej, zmian klimatycznych, kultury oraz prawa. Dzi\u0119ki temu fundacja dostarcza wiedz\u0119, kt\u00f3ra pomaga lepiej rozumie\u0107 procesy zachodz\u0105ce w Europie i ich wp\u0142yw na \u017cycie obywateli.<\/p><p>Dzia\u0142alno\u015b\u0107 think tanku Fundacji Instytut Europejski opiera si\u0119 na badaniach prowadzonych wed\u0142ug wysokich standard\u00f3w merytorycznych. Organizacja \u0142\u0105czy \u015bwiat nauki, debaty publicznej i praktyki spo\u0142ecznej, tworz\u0105c przestrze\u0144 do wymiany pogl\u0105d\u00f3w oraz wypracowywania warto\u015bciowych rekomendacji. W ten spos\u00f3b wspiera dialog mi\u0119dzy ekspertami, instytucjami i \u015brodowiskami zainteresowanymi przysz\u0142o\u015bci\u0105 Europy.<\/p><p>Wa\u017cnym elementem aktywno\u015bci think tanku s\u0105 tak\u017ce warsztaty, konferencje, debaty i spotkania eksperckie. Fundacja Instytut Europejski buduje platform\u0119 wsp\u00f3\u0142pracy ponad podzia\u0142ami, wzmacniaj\u0105c \u015bwiadomo\u015b\u0107 obywatelsk\u0105 i promuj\u0105c zaanga\u017cowanie w sprawy publiczne. To miejsce, w kt\u00f3rym powstaj\u0105 analizy i idee przydatne zar\u00f3wno dla decydent\u00f3w, jak i dla os\u00f3b \u015bledz\u0105cych kierunki rozwoju Unii Europejskiej.<\/p>\t\t\t\t\t\t\t\t<\/div>\n\t\t\t\t<\/div>\n\t\t\t\t\t<\/div>\n\t\t<\/div>\n\t\t\t\t\t<\/div>\n\t\t<\/section>\n\t\t\t\t<\/div>","protected":false},"excerpt":{"rendered":"<p>Obszary dzia\u0142ania: Wybierz interesuj\u0105cy Ci\u0119 obszar dzia\u0142ania Instytutu Europejskiego: Think Tank Inicjatywy M\u0142odzie\u017cy Edukacja Doros\u0142ych Kszta\u0142cenie zawodowe Edukacja sportowa Think tank Fundacja Instytut Europejski jako\u00a0Think Tank\u00a0prowadzi rzetelne analizy najwa\u017cniejszych wyzwa\u0144 stoj\u0105cych przed Uni\u0105 Europejsk\u0105. Zesp\u00f3\u0142 ekspert\u00f3w, naukowc\u00f3w i praktyk\u00f3w przygotowuje opracowania dotycz\u0105ce integracji europejskiej, polityki zagranicznej, bezpiecze\u0144stwa, sp\u00f3jno\u015bci spo\u0142ecznej, zmian klimatycznych, kultury oraz prawa. Dzi\u0119ki temu fundacja dostarcza wiedz\u0119, kt\u00f3ra pomaga lepiej rozumie\u0107 procesy zachodz\u0105ce w Europie i ich wp\u0142yw[&hellip;]<\/p>\n","protected":false},"author":1,"featured_media":0,"parent":466,"menu_order":0,"comment_status":"closed","ping_status":"closed","template":"","meta":{"_acf_changed":false,"give_campaign_id":0,"footnotes":""},"class_list":["post-532","page","type-page","status-publish","hentry"],"acf":[],"campaignId":"","_links":{"self":[{"href":"https:\/\/instytuteuropejski.pl\/en\/wp-json\/wp\/v2\/pages\/532","targetHints":{"allow":["GET"]}}],"collection":[{"href":"https:\/\/instytuteuropejski.pl\/en\/wp-json\/wp\/v2\/pages"}],"about":[{"href":"https:\/\/instytuteuropejski.pl\/en\/wp-json\/wp\/v2\/types\/page"}],"author":[{"embeddable":true,"href":"https:\/\/instytuteuropejski.pl\/en\/wp-json\/wp\/v2\/users\/1"}],"replies":[{"embeddable":true,"href":"https:\/\/instytuteuropejski.pl\/en\/wp-json\/wp\/v2\/comments?post=532"}],"version-history":[{"count":10,"href":"https:\/\/instytuteuropejski.pl\/en\/wp-json\/wp\/v2\/pages\/532\/revisions"}],"predecessor-version":[{"id":588,"href":"https:\/\/instytuteuropejski.pl\/en\/wp-json\/wp\/v2\/pages\/532\/revisions\/588"}],"up":[{"embeddable":true,"href":"https:\/\/instytuteuropejski.pl\/en\/wp-json\/wp\/v2\/pages\/466"}],"wp:attachment":[{"href":"https:\/\/instytuteuropejski.pl\/en\/wp-json\/wp\/v2\/media?parent=532"}],"curies":[{"name":"wp","href":"https:\/\/api.w.org\/{rel}","templated":true}]}}