{"id":466,"date":"2026-03-19T11:31:02","date_gmt":"2026-03-19T10:31:02","guid":{"rendered":"https:\/\/instytuteuropejski.pl\/?page_id=466"},"modified":"2026-03-25T15:02:40","modified_gmt":"2026-03-25T14:02:40","slug":"dzialalnosc","status":"publish","type":"page","link":"https:\/\/instytuteuropejski.pl\/en\/dzialalnosc\/","title":{"rendered":"Dzia\u0142alno\u015b\u0107"},"content":{"rendered":"<div data-elementor-type=\"wp-page\" data-elementor-id=\"466\" class=\"elementor elementor-466\">\n\t\t\t\t\t\t<section class=\"elementor-section elementor-top-section elementor-element elementor-element-e94b684 dsvy-col-stretched-none dsvy-bg-color-over-image elementor-section-boxed elementor-section-height-default elementor-section-height-default\" data-id=\"e94b684\" data-element_type=\"section\" data-e-type=\"section\">\n\t\t\t\t\t\t<div class=\"elementor-container elementor-column-gap-default\">\n\t\t\t\t\t<div class=\"elementor-column elementor-col-33 elementor-top-column elementor-element elementor-element-1205270 dsvy-bg-color-yes dsvy-elementor-bg-color-white dsvy-bg-color-over-image\" data-id=\"1205270\" data-element_type=\"column\" data-e-type=\"column\">\n\t\t\t<div class=\"elementor-widget-wrap elementor-element-populated\">\n\t\t\t\t\t\t<div class=\"elementor-element elementor-element-7fba876 elementor-widget elementor-widget-heading\" data-id=\"7fba876\" data-element_type=\"widget\" data-e-type=\"widget\" data-widget_type=\"heading.default\">\n\t\t\t\t<div class=\"elementor-widget-container\">\n\t\t\t\t\t<h3 class=\"elementor-heading-title elementor-size-default\">Obszary dzia\u0142ania:<\/h3>\t\t\t\t<\/div>\n\t\t\t\t<\/div>\n\t\t\t\t<div class=\"elementor-element elementor-element-dbc8be0 elementor-widget elementor-widget-text-editor\" data-id=\"dbc8be0\" data-element_type=\"widget\" data-e-type=\"widget\" data-widget_type=\"text-editor.default\">\n\t\t\t\t<div class=\"elementor-widget-container\">\n\t\t\t\t\t\t\t\t\t<p>Wybierz interesuj\u0105cy Ci\u0119 obszar dzia\u0142ania Instytutu Europejskiego:<\/p>\t\t\t\t\t\t\t\t<\/div>\n\t\t\t\t<\/div>\n\t\t\t\t<div class=\"elementor-element elementor-element-bef5207 dsvy-btn-color-white dsvy-btn-shape-rounded elementor-align-justify dsvy-btn-style-flat elementor-widget elementor-widget-button\" data-id=\"bef5207\" data-element_type=\"widget\" data-e-type=\"widget\" data-widget_type=\"button.default\">\n\t\t\t\t<div class=\"elementor-widget-container\">\n\t\t\t\t\t\t\t\t\t<div class=\"elementor-button-wrapper\">\n\t\t\t\t\t<a class=\"elementor-button elementor-button-link elementor-size-sm\" href=\"https:\/\/instytuteuropejski.pl\/en\/dzialalnosc\/think-tank\/\">\n\t\t\t\t\t\t<span class=\"elementor-button-content-wrapper\">\n\t\t\t\t\t\t\t\t\t<span class=\"elementor-button-text\">Think tank<\/span>\n\t\t\t\t\t<\/span>\n\t\t\t\t\t<\/a>\n\t\t\t\t<\/div>\n\t\t\t\t\t\t\t\t<\/div>\n\t\t\t\t<\/div>\n\t\t\t\t<div class=\"elementor-element elementor-element-f8fd2db dsvy-btn-color-white dsvy-btn-shape-rounded elementor-align-justify dsvy-btn-style-flat elementor-widget elementor-widget-button\" data-id=\"f8fd2db\" data-element_type=\"widget\" data-e-type=\"widget\" data-widget_type=\"button.default\">\n\t\t\t\t<div class=\"elementor-widget-container\">\n\t\t\t\t\t\t\t\t\t<div class=\"elementor-button-wrapper\">\n\t\t\t\t\t<a class=\"elementor-button elementor-button-link elementor-size-sm\" href=\"https:\/\/instytuteuropejski.pl\/en\/dzialalnosc\/inicjatywy-mlodziezy\/\">\n\t\t\t\t\t\t<span class=\"elementor-button-content-wrapper\">\n\t\t\t\t\t\t\t\t\t<span class=\"elementor-button-text\">Inicjatywy M\u0142odzie\u017cy<\/span>\n\t\t\t\t\t<\/span>\n\t\t\t\t\t<\/a>\n\t\t\t\t<\/div>\n\t\t\t\t\t\t\t\t<\/div>\n\t\t\t\t<\/div>\n\t\t\t\t<div class=\"elementor-element elementor-element-ff675bb dsvy-btn-color-white dsvy-btn-shape-rounded elementor-align-justify dsvy-btn-style-flat elementor-widget elementor-widget-button\" data-id=\"ff675bb\" data-element_type=\"widget\" data-e-type=\"widget\" data-widget_type=\"button.default\">\n\t\t\t\t<div class=\"elementor-widget-container\">\n\t\t\t\t\t\t\t\t\t<div class=\"elementor-button-wrapper\">\n\t\t\t\t\t<a class=\"elementor-button elementor-button-link elementor-size-sm\" href=\"https:\/\/instytuteuropejski.pl\/en\/dzialalnosc\/edukacja-doroslych\/\">\n\t\t\t\t\t\t<span class=\"elementor-button-content-wrapper\">\n\t\t\t\t\t\t\t\t\t<span class=\"elementor-button-text\">Adult education<\/span>\n\t\t\t\t\t<\/span>\n\t\t\t\t\t<\/a>\n\t\t\t\t<\/div>\n\t\t\t\t\t\t\t\t<\/div>\n\t\t\t\t<\/div>\n\t\t\t\t<div class=\"elementor-element elementor-element-4a32bf4 dsvy-btn-color-white dsvy-btn-shape-rounded elementor-align-justify dsvy-btn-style-flat elementor-widget elementor-widget-button\" data-id=\"4a32bf4\" data-element_type=\"widget\" data-e-type=\"widget\" data-widget_type=\"button.default\">\n\t\t\t\t<div class=\"elementor-widget-container\">\n\t\t\t\t\t\t\t\t\t<div class=\"elementor-button-wrapper\">\n\t\t\t\t\t<a class=\"elementor-button elementor-button-link elementor-size-sm\" href=\"https:\/\/instytuteuropejski.pl\/en\/dzialalnosc\/ksztalcenie-zawodowe\/\">\n\t\t\t\t\t\t<span class=\"elementor-button-content-wrapper\">\n\t\t\t\t\t\t\t\t\t<span class=\"elementor-button-text\">Kszta\u0142cenie zawodowe<\/span>\n\t\t\t\t\t<\/span>\n\t\t\t\t\t<\/a>\n\t\t\t\t<\/div>\n\t\t\t\t\t\t\t\t<\/div>\n\t\t\t\t<\/div>\n\t\t\t\t<div class=\"elementor-element elementor-element-9eb5f46 dsvy-btn-color-white dsvy-btn-shape-rounded elementor-align-justify dsvy-btn-style-flat elementor-widget elementor-widget-button\" data-id=\"9eb5f46\" data-element_type=\"widget\" data-e-type=\"widget\" data-widget_type=\"button.default\">\n\t\t\t\t<div class=\"elementor-widget-container\">\n\t\t\t\t\t\t\t\t\t<div class=\"elementor-button-wrapper\">\n\t\t\t\t\t<a class=\"elementor-button elementor-button-link elementor-size-sm\" href=\"https:\/\/instytuteuropejski.pl\/en\/dzialalnosc\/edukacja-sportowa\/\">\n\t\t\t\t\t\t<span class=\"elementor-button-content-wrapper\">\n\t\t\t\t\t\t\t\t\t<span class=\"elementor-button-text\">Sport Education<\/span>\n\t\t\t\t\t<\/span>\n\t\t\t\t\t<\/a>\n\t\t\t\t<\/div>\n\t\t\t\t\t\t\t\t<\/div>\n\t\t\t\t<\/div>\n\t\t\t\t<section class=\"elementor-section elementor-inner-section elementor-element elementor-element-4de595f dsvy-col-stretched-none dsvy-bg-color-over-image elementor-section-boxed elementor-section-height-default elementor-section-height-default\" data-id=\"4de595f\" data-element_type=\"section\" data-e-type=\"section\" data-settings=\"{&quot;background_background&quot;:&quot;classic&quot;}\">\n\t\t\t\t\t\t<div class=\"elementor-container elementor-column-gap-default\">\n\t\t\t\t\t<div class=\"elementor-column elementor-col-100 elementor-inner-column elementor-element elementor-element-e23760f dsvy-bg-color-over-image\" data-id=\"e23760f\" data-element_type=\"column\" data-e-type=\"column\">\n\t\t\t<div class=\"elementor-widget-wrap\">\n\t\t\t\t\t\t\t<\/div>\n\t\t<\/div>\n\t\t\t\t\t<\/div>\n\t\t<\/section>\n\t\t\t\t\t<\/div>\n\t\t<\/div>\n\t\t\t\t<div class=\"elementor-column elementor-col-66 elementor-top-column elementor-element elementor-element-a32268b dsvy-bg-color-over-image\" data-id=\"a32268b\" data-element_type=\"column\" data-e-type=\"column\">\n\t\t\t<div class=\"elementor-widget-wrap elementor-element-populated\">\n\t\t\t\t\t\t<div class=\"elementor-element elementor-element-fd2184a elementor-widget elementor-widget-heading\" data-id=\"fd2184a\" data-element_type=\"widget\" data-e-type=\"widget\" data-widget_type=\"heading.default\">\n\t\t\t\t<div class=\"elementor-widget-container\">\n\t\t\t\t\t<h2 class=\"elementor-heading-title elementor-size-default\">Czym zajmujemy si\u0119 w Instytucie Europejskim?<\/h2>\t\t\t\t<\/div>\n\t\t\t\t<\/div>\n\t\t\t\t<div class=\"elementor-element elementor-element-660367f elementor-widget elementor-widget-text-editor\" data-id=\"660367f\" data-element_type=\"widget\" data-e-type=\"widget\" data-widget_type=\"text-editor.default\">\n\t\t\t\t<div class=\"elementor-widget-container\">\n\t\t\t\t\t\t\t\t\t<p>Fundacja Instytut Europejski zajmuje si\u0119 przede wszystkim dzia\u0142alno\u015bci\u0105 na rzecz integracji europejskiej, rozwoju spo\u0142ecze\u0144stwa obywatelskiego oraz wzmacniania wsp\u00f3\u0142pracy mi\u0119dzy lud\u017ami, organizacjami i \u015brodowiskami z Polski i Europy. Jej misj\u0105 jest budowanie Europy bezpiecznej, konkurencyjnej, sprawiedliwej, zr\u00f3wnowa\u017conej i wp\u0142ywowej na \u015bwiecie.<\/p><p>W praktyce fundacja realizuje projekty edukacyjne, w tym edukacj\u0119 pozaformaln\u0105, wspiera zaanga\u017cowanie obywatelskie i rozw\u00f3j przedsi\u0119biorczo\u015bci, a tak\u017ce anga\u017cuje ludzi nauki, kultury, biznesu i o\u015bwiaty wok\u00f3\u0142 idei wsp\u00f3lnych dzia\u0142a\u0144 spo\u0142ecznych. To organizacja non-profit, kt\u00f3ra od 2005 roku dzia\u0142a na styku edukacji, integracji europejskiej i aktywno\u015bci spo\u0142ecznej.<\/p><p>Jej dzia\u0142alno\u015b\u0107 ma silny wymiar regionalny i og\u00f3lnopolski, z korzeniami w \u015al\u0105sku i Ma\u0142opolsce, a obecnie tak\u017ce z siedzib\u0105 w Warszawie oraz oddzia\u0142ami w Katowicach i Krakowie. Dzi\u0119ki temu fundacja \u0142\u0105czy perspektyw\u0119 lokaln\u0105 z europejsk\u0105, realizuj\u0105c inicjatywy wa\u017cne dla m\u0142odzie\u017cy, organizacji pozarz\u0105dowych i rozwoju demokracji.<\/p>\t\t\t\t\t\t\t\t<\/div>\n\t\t\t\t<\/div>\n\t\t\t\t\t<\/div>\n\t\t<\/div>\n\t\t\t\t\t<\/div>\n\t\t<\/section>\n\t\t\t\t<\/div>","protected":false},"excerpt":{"rendered":"<p>Obszary dzia\u0142ania: Wybierz interesuj\u0105cy Ci\u0119 obszar dzia\u0142ania Instytutu Europejskiego: Think tank Inicjatywy M\u0142odzie\u017cy Edukacja Doros\u0142ych Kszta\u0142cenie zawodowe Edukacja sportowa Czym zajmujemy si\u0119 w Instytucie Europejskim? Fundacja Instytut Europejski zajmuje si\u0119 przede wszystkim dzia\u0142alno\u015bci\u0105 na rzecz integracji europejskiej, rozwoju spo\u0142ecze\u0144stwa obywatelskiego oraz wzmacniania wsp\u00f3\u0142pracy mi\u0119dzy lud\u017ami, organizacjami i \u015brodowiskami z Polski i Europy. Jej misj\u0105 jest budowanie Europy bezpiecznej, konkurencyjnej, sprawiedliwej, zr\u00f3wnowa\u017conej i wp\u0142ywowej na \u015bwiecie. W praktyce fundacja realizuje projekty[&hellip;]<\/p>\n","protected":false},"author":1,"featured_media":0,"parent":0,"menu_order":0,"comment_status":"closed","ping_status":"closed","template":"","meta":{"_acf_changed":false,"give_campaign_id":0,"footnotes":""},"class_list":["post-466","page","type-page","status-publish","hentry"],"acf":[],"campaignId":"","_links":{"self":[{"href":"https:\/\/instytuteuropejski.pl\/en\/wp-json\/wp\/v2\/pages\/466","targetHints":{"allow":["GET"]}}],"collection":[{"href":"https:\/\/instytuteuropejski.pl\/en\/wp-json\/wp\/v2\/pages"}],"about":[{"href":"https:\/\/instytuteuropejski.pl\/en\/wp-json\/wp\/v2\/types\/page"}],"author":[{"embeddable":true,"href":"https:\/\/instytuteuropejski.pl\/en\/wp-json\/wp\/v2\/users\/1"}],"replies":[{"embeddable":true,"href":"https:\/\/instytuteuropejski.pl\/en\/wp-json\/wp\/v2\/comments?post=466"}],"version-history":[{"count":46,"href":"https:\/\/instytuteuropejski.pl\/en\/wp-json\/wp\/v2\/pages\/466\/revisions"}],"predecessor-version":[{"id":585,"href":"https:\/\/instytuteuropejski.pl\/en\/wp-json\/wp\/v2\/pages\/466\/revisions\/585"}],"wp:attachment":[{"href":"https:\/\/instytuteuropejski.pl\/en\/wp-json\/wp\/v2\/media?parent=466"}],"curies":[{"name":"wp","href":"https:\/\/api.w.org\/{rel}","templated":true}]}}