{"id":100,"date":"2020-06-03T09:16:44","date_gmt":"2020-06-03T09:16:44","guid":{"rendered":"http:\/\/digicop.designervily.com\/demo1\/?page_id=12826"},"modified":"2026-03-19T11:24:13","modified_gmt":"2026-03-19T10:24:13","slug":"historia","status":"publish","type":"page","link":"https:\/\/instytuteuropejski.pl\/en\/o-fundacji\/historia\/","title":{"rendered":"History"},"content":{"rendered":"<div data-elementor-type=\"wp-page\" data-elementor-id=\"100\" class=\"elementor elementor-100\">\n\t\t\t\t\t\t<section class=\"elementor-section elementor-top-section elementor-element elementor-element-5a74a12 dsvy-bg-color-yes dsvy-elementor-bg-color-white dsvy-col-stretched-none dsvy-bg-color-over-image elementor-section-boxed elementor-section-height-default elementor-section-height-default\" data-id=\"5a74a12\" data-element_type=\"section\" data-e-type=\"section\">\n\t\t\t\t\t\t<div class=\"elementor-container elementor-column-gap-no\">\n\t\t\t\t\t<div class=\"elementor-column elementor-col-100 elementor-top-column elementor-element elementor-element-7909879 dsvy-bg-color-over-image\" data-id=\"7909879\" data-element_type=\"column\" data-e-type=\"column\">\n\t\t\t<div class=\"elementor-widget-wrap elementor-element-populated\">\n\t\t\t\t\t\t<div class=\"elementor-element elementor-element-25d6fb4 dsvy-align-center dsvy-heading-style-3 elementor-widget elementor-widget-dsvy_heading\" data-id=\"25d6fb4\" data-element_type=\"widget\" data-e-type=\"widget\" data-widget_type=\"dsvy_heading.default\">\n\t\t\t\t<div class=\"elementor-widget-container\">\n\t\t\t\t\t\t<div class=\"dsvy-heading-subheading center-align dsvy-reverse-heading-yes\"><h2 class=\"dsvy-element-title\">\r\n\t\t\t\r\n\t\t\t\tEUROPEAN INSTITUTE FOUNDATION\n\r\n\t\t\t\r\n\t\t\t<\/h2>\r\n\t\t<\/div>\t\t\t\t<\/div>\n\t\t\t\t<\/div>\n\t\t\t\t\t<\/div>\n\t\t<\/div>\n\t\t\t\t\t<\/div>\n\t\t<\/section>\n\t\t\t\t<section class=\"elementor-section elementor-top-section elementor-element elementor-element-d7985b2 dsvy-col-stretched-none dsvy-bg-color-over-image elementor-section-boxed elementor-section-height-default elementor-section-height-default\" data-id=\"d7985b2\" data-element_type=\"section\" data-e-type=\"section\">\n\t\t\t\t\t\t<div class=\"elementor-container elementor-column-gap-default\">\n\t\t\t\t\t<div class=\"elementor-column elementor-col-100 elementor-top-column elementor-element elementor-element-caffc6c dsvy-bg-color-over-image\" data-id=\"caffc6c\" data-element_type=\"column\" data-e-type=\"column\">\n\t\t\t<div class=\"elementor-widget-wrap elementor-element-populated\">\n\t\t\t\t\t\t<section class=\"elementor-section elementor-inner-section elementor-element elementor-element-6e79a48 dsvy-col-stretched-none dsvy-bg-color-over-image elementor-section-boxed elementor-section-height-default elementor-section-height-default\" data-id=\"6e79a48\" data-element_type=\"section\" data-e-type=\"section\">\n\t\t\t\t\t\t<div class=\"elementor-container elementor-column-gap-default\">\n\t\t\t\t\t<div class=\"elementor-column elementor-col-50 elementor-inner-column elementor-element elementor-element-272faf5 dsvy-bg-color-over-image\" data-id=\"272faf5\" data-element_type=\"column\" data-e-type=\"column\">\n\t\t\t<div class=\"elementor-widget-wrap elementor-element-populated\">\n\t\t\t\t\t\t<div class=\"elementor-element elementor-element-fb1c9dd elementor-widget elementor-widget-text-editor\" data-id=\"fb1c9dd\" data-element_type=\"widget\" data-e-type=\"widget\" data-widget_type=\"text-editor.default\">\n\t\t\t\t<div class=\"elementor-widget-container\">\n\t\t\t\t\t\t\t\t\t<p>The foundation named \u2018Instytut Europejski Pro Futuro Europae\u2019 (European Institute Pro Futuro Europae) was established by a notarial deed by a notary public conducting a Notary Office in Katowice on 24 June 2005, Rep. A No. 3555\/2005. The Foundation operates on the basis of the provisions of the Act of 6 April 1984 on foundations (Journal of Laws of 1991, No. 46, item 203) and the provisions of its statutes. For the first ten years of its activity, the Foundation had its headquarters in Katowice, then in Krakow, and currently, due to the expansion of its activities, the Foundation has its headquarters in Warsaw and registered regional branches in Katowice and Krakow, as shown in Section 3 of the National Court Register. The local branches do not have legal personality.<\/p><p>\u00a0<\/p>\t\t\t\t\t\t\t\t<\/div>\n\t\t\t\t<\/div>\n\t\t\t\t\t<\/div>\n\t\t<\/div>\n\t\t\t\t<div class=\"elementor-column elementor-col-50 elementor-inner-column elementor-element elementor-element-eb08fe3 dsvy-bg-color-over-image\" data-id=\"eb08fe3\" data-element_type=\"column\" data-e-type=\"column\">\n\t\t\t<div class=\"elementor-widget-wrap elementor-element-populated\">\n\t\t\t\t\t\t<div class=\"elementor-element elementor-element-ed56273 elementor-widget elementor-widget-image\" data-id=\"ed56273\" data-element_type=\"widget\" data-e-type=\"widget\" data-widget_type=\"image.default\">\n\t\t\t\t<div class=\"elementor-widget-container\">\n\t\t\t\t\t\t\t\t\t\t\t\t\t\t\t<img fetchpriority=\"high\" decoding=\"async\" width=\"847\" height=\"374\" src=\"https:\/\/instytuteuropejski.pl\/wp-content\/uploads\/2025\/08\/fundacja-logo-1024x452.png\" class=\"attachment-large size-large wp-image-269\" alt=\"\" srcset=\"https:\/\/instytuteuropejski.pl\/wp-content\/uploads\/2025\/08\/fundacja-logo-1024x452.png 1024w, https:\/\/instytuteuropejski.pl\/wp-content\/uploads\/2025\/08\/fundacja-logo-300x132.png 300w, https:\/\/instytuteuropejski.pl\/wp-content\/uploads\/2025\/08\/fundacja-logo-768x339.png 768w, https:\/\/instytuteuropejski.pl\/wp-content\/uploads\/2025\/08\/fundacja-logo-1536x678.png 1536w, https:\/\/instytuteuropejski.pl\/wp-content\/uploads\/2025\/08\/fundacja-logo-770x340.png 770w, https:\/\/instytuteuropejski.pl\/wp-content\/uploads\/2025\/08\/fundacja-logo.png 2008w\" sizes=\"(max-width: 847px) 100vw, 847px\" \/>\t\t\t\t\t\t\t\t\t\t\t\t\t\t\t<\/div>\n\t\t\t\t<\/div>\n\t\t\t\t\t<\/div>\n\t\t<\/div>\n\t\t\t\t\t<\/div>\n\t\t<\/section>\n\t\t\t\t\t<\/div>\n\t\t<\/div>\n\t\t\t\t\t<\/div>\n\t\t<\/section>\n\t\t\t\t<section class=\"elementor-section elementor-top-section elementor-element elementor-element-a9f586b dsvy-col-stretched-none dsvy-bg-color-over-image elementor-section-boxed elementor-section-height-default elementor-section-height-default\" data-id=\"a9f586b\" data-element_type=\"section\" data-e-type=\"section\">\n\t\t\t\t\t\t<div class=\"elementor-container elementor-column-gap-default\">\n\t\t\t\t\t<div class=\"elementor-column elementor-col-100 elementor-top-column elementor-element elementor-element-f3dd643 dsvy-bg-color-over-image\" data-id=\"f3dd643\" data-element_type=\"column\" data-e-type=\"column\">\n\t\t\t<div class=\"elementor-widget-wrap elementor-element-populated\">\n\t\t\t\t\t\t<div class=\"elementor-element elementor-element-5b8385d elementor-widget elementor-widget-text-editor\" data-id=\"5b8385d\" data-element_type=\"widget\" data-e-type=\"widget\" data-widget_type=\"text-editor.default\">\n\t\t\t\t<div class=\"elementor-widget-container\">\n\t\t\t\t\t\t\t\t\t<p>The European Institute Foundation is an initiative created by people interested in European and international issues, as well as Poland's development in Europe. Educational programmes, including non-formal education, play a key role in the Foundation's activities, as one of our goals is to strengthen civic engagement in Poland and Europe, as well as to develop entrepreneurship.<\/p><p>The history of the Foundation's nearly 18 years of activity has its roots in the Polish Youth Council \u2013 an umbrella organisation for large youth and student non-governmental organisations, which operated between 2003 and 2005, and in whose creation the Founders were involved. (This was during the years when Poland was joining the European Union, and the first attempts to create a forum for cooperation between youth organisations ended a few years later with the establishment of the currently existing structure: the Polish Council of Youth Organisations). We used the experience we gained to effectively build a permanent organisation \u2013 a Foundation that is not involved in politics and provides opportunities to implement a variety of projects related to civil society.<\/p><p>The history of the Foundation's nearly 18 years of activity has its roots in the Polish Youth Council \u2013 an umbrella organisation for large youth and student non-governmental organisations, which operated between 2003 and 2005, and in whose creation the Founders were involved. (This was during the years when Poland was joining the European Union, and the first attempts to create a forum for cooperation between youth organisations ended a few years later with the establishment of the currently existing structure: the Polish Council of Youth Organisations). We used the experience we gained to effectively build a permanent organisation \u2013 a Foundation that is not involved in politics and provides opportunities to implement a variety of projects related to civil society.<\/p>\t\t\t\t\t\t\t\t<\/div>\n\t\t\t\t<\/div>\n\t\t\t\t\t<\/div>\n\t\t<\/div>\n\t\t\t\t\t<\/div>\n\t\t<\/section>\n\t\t\t\t<section class=\"elementor-section elementor-top-section elementor-element elementor-element-a8a89dd dsvy-col-stretched-none dsvy-bg-color-over-image elementor-section-boxed elementor-section-height-default elementor-section-height-default\" data-id=\"a8a89dd\" data-element_type=\"section\" data-e-type=\"section\">\n\t\t\t\t\t\t<div class=\"elementor-container elementor-column-gap-default\">\n\t\t\t\t\t<div class=\"elementor-column elementor-col-100 elementor-top-column elementor-element elementor-element-d99498d dsvy-bg-color-over-image\" data-id=\"d99498d\" data-element_type=\"column\" data-e-type=\"column\">\n\t\t\t<div class=\"elementor-widget-wrap elementor-element-populated\">\n\t\t\t\t\t\t<section class=\"elementor-section elementor-inner-section elementor-element elementor-element-f980611 dsvy-col-stretched-none dsvy-bg-color-over-image elementor-section-boxed elementor-section-height-default elementor-section-height-default\" data-id=\"f980611\" data-element_type=\"section\" data-e-type=\"section\">\n\t\t\t\t\t\t<div class=\"elementor-container elementor-column-gap-default\">\n\t\t\t\t\t<div class=\"elementor-column elementor-col-50 elementor-inner-column elementor-element elementor-element-cf7d41d dsvy-bg-color-over-image\" data-id=\"cf7d41d\" data-element_type=\"column\" data-e-type=\"column\">\n\t\t\t<div class=\"elementor-widget-wrap elementor-element-populated\">\n\t\t\t\t\t\t<div class=\"elementor-element elementor-element-e3f47bc elementor-widget elementor-widget-image\" data-id=\"e3f47bc\" data-element_type=\"widget\" data-e-type=\"widget\" data-widget_type=\"image.default\">\n\t\t\t\t<div class=\"elementor-widget-container\">\n\t\t\t\t\t\t\t\t\t\t\t\t\t\t\t<img decoding=\"async\" width=\"847\" height=\"635\" src=\"https:\/\/instytuteuropejski.pl\/wp-content\/uploads\/2025\/08\/20210807_103837.jpg\" class=\"attachment-large size-large wp-image-331\" alt=\"\" srcset=\"https:\/\/instytuteuropejski.pl\/wp-content\/uploads\/2025\/08\/20210807_103837.jpg 924w, https:\/\/instytuteuropejski.pl\/wp-content\/uploads\/2025\/08\/20210807_103837-300x225.jpg 300w, https:\/\/instytuteuropejski.pl\/wp-content\/uploads\/2025\/08\/20210807_103837-768x576.jpg 768w, https:\/\/instytuteuropejski.pl\/wp-content\/uploads\/2025\/08\/20210807_103837-770x578.jpg 770w\" sizes=\"(max-width: 847px) 100vw, 847px\" \/>\t\t\t\t\t\t\t\t\t\t\t\t\t\t\t<\/div>\n\t\t\t\t<\/div>\n\t\t\t\t\t<\/div>\n\t\t<\/div>\n\t\t\t\t<div class=\"elementor-column elementor-col-50 elementor-inner-column elementor-element elementor-element-67b280a dsvy-bg-color-over-image\" data-id=\"67b280a\" data-element_type=\"column\" data-e-type=\"column\">\n\t\t\t<div class=\"elementor-widget-wrap elementor-element-populated\">\n\t\t\t\t\t\t<div class=\"elementor-element elementor-element-58cd1f8 elementor-widget elementor-widget-image\" data-id=\"58cd1f8\" data-element_type=\"widget\" data-e-type=\"widget\" data-widget_type=\"image.default\">\n\t\t\t\t<div class=\"elementor-widget-container\">\n\t\t\t\t\t\t\t\t\t\t\t\t\t\t\t<img decoding=\"async\" width=\"847\" height=\"565\" src=\"https:\/\/instytuteuropejski.pl\/wp-content\/uploads\/2025\/08\/38808264_1163931633746552_5064951874432532480_n-1.jpg\" class=\"attachment-large size-large wp-image-333\" alt=\"\" srcset=\"https:\/\/instytuteuropejski.pl\/wp-content\/uploads\/2025\/08\/38808264_1163931633746552_5064951874432532480_n-1.jpg 960w, https:\/\/instytuteuropejski.pl\/wp-content\/uploads\/2025\/08\/38808264_1163931633746552_5064951874432532480_n-1-300x200.jpg 300w, https:\/\/instytuteuropejski.pl\/wp-content\/uploads\/2025\/08\/38808264_1163931633746552_5064951874432532480_n-1-768x512.jpg 768w, https:\/\/instytuteuropejski.pl\/wp-content\/uploads\/2025\/08\/38808264_1163931633746552_5064951874432532480_n-1-770x513.jpg 770w\" sizes=\"(max-width: 847px) 100vw, 847px\" \/>\t\t\t\t\t\t\t\t\t\t\t\t\t\t\t<\/div>\n\t\t\t\t<\/div>\n\t\t\t\t\t<\/div>\n\t\t<\/div>\n\t\t\t\t\t<\/div>\n\t\t<\/section>\n\t\t\t\t\t<\/div>\n\t\t<\/div>\n\t\t\t\t\t<\/div>\n\t\t<\/section>\n\t\t\t\t<section class=\"elementor-section elementor-top-section elementor-element elementor-element-20e8aa1 dsvy-col-stretched-none dsvy-bg-color-over-image elementor-section-boxed elementor-section-height-default elementor-section-height-default\" data-id=\"20e8aa1\" data-element_type=\"section\" data-e-type=\"section\">\n\t\t\t\t\t\t<div class=\"elementor-container elementor-column-gap-default\">\n\t\t\t\t\t<div class=\"elementor-column elementor-col-100 elementor-top-column elementor-element elementor-element-58a6f61 dsvy-bg-color-over-image\" data-id=\"58a6f61\" data-element_type=\"column\" data-e-type=\"column\">\n\t\t\t<div class=\"elementor-widget-wrap elementor-element-populated\">\n\t\t\t\t\t\t<div class=\"elementor-element elementor-element-050ea24 elementor-widget elementor-widget-text-editor\" data-id=\"050ea24\" data-element_type=\"widget\" data-e-type=\"widget\" data-widget_type=\"text-editor.default\">\n\t\t\t\t<div class=\"elementor-widget-container\">\n\t\t\t\t\t\t\t\t\t<p>Among the many possible methods of action, it is worth mentioning those that have become the Foundation's specialisation over the course of more than a decade of operation: organising lectures, seminars, conferences and meetings aimed at transferring knowledge and gathering data and information related to the Foundation's activities; conducting information, promotional and training activities, organising informal education, especially for young people, organising student internships, traineeships and volunteering. Particularly noteworthy is the cooperation with national, foreign and international foundations and associations with the same or similar profiles.<\/p><p>The Foundation has a network of international contacts and partnerships developed over many years of activity. The most important partners come from Italy, Bulgaria, Greece, Germany, Romania, Spain, Portugal, Lithuania, and Cyprus. We also have partners in the Czech Republic, Turkey, Croatia, and outside the EU in Russia, Ukraine, Armenia, Georgia, Azerbaijan, and Israel. This represents enormous potential for future projects in the field of international cooperation and an opportunity to share experiences and promote the Polish point of view abroad.<\/p><p>In Poland, the European Institute Foundation has established very good relations with organisations that activate citizens in social and entrepreneurial areas. These include, for example, Academic Business Incubators and the Association of Regional Initiatives in Tarn\u00f3w, as well as smaller entities such as the Olszynka Foundation and the Artistic Institute for the Development of Children and Youth. We also cooperate with local governments: currently, together with the cities of Mys\u0142owice and Imielin in the Silesian Province, we are implementing projects under the Obywatel.IT programme, which aims to improve the digital skills of people over 25 years of age living in the Silesian and Opole provinces. Our partner in the implementation of projects in Silesia was also the Chamber of Crafts and Small and Medium-Sized Enterprises in Katowice.<\/p><p>The scope of its activities covers the whole of Poland. In recent years, the Foundation has implemented projects in such diverse locations as Warsaw, Krakow, Ustro\u0144, Wetlina and Krynica Morska. The people involved in the Foundation's work live in Warsaw, Krakow, Tarn\u00f3w, Katowice, Lublin, \u0141\u00f3d\u017a, Wroc\u0142aw, Bydgoszcz and Gda\u0144sk. However, the Foundation's activities have focused particularly on the provinces of Silesia and Lesser Poland. This is where the Foundation's history began, and despite the Foundation's headquarters being located in Warsaw, the issues affecting these provinces are currently closest to the hearts of the Institute's experts.<\/p>\t\t\t\t\t\t\t\t<\/div>\n\t\t\t\t<\/div>\n\t\t\t\t\t<\/div>\n\t\t<\/div>\n\t\t\t\t\t<\/div>\n\t\t<\/section>\n\t\t\t\t<section class=\"elementor-section elementor-top-section elementor-element elementor-element-3376458 dsvy-col-stretched-none dsvy-bg-color-over-image elementor-section-boxed elementor-section-height-default elementor-section-height-default\" data-id=\"3376458\" data-element_type=\"section\" data-e-type=\"section\">\n\t\t\t\t\t\t<div class=\"elementor-container elementor-column-gap-default\">\n\t\t\t\t\t<div class=\"elementor-column elementor-col-100 elementor-top-column elementor-element elementor-element-563d9b2 dsvy-bg-color-over-image\" data-id=\"563d9b2\" data-element_type=\"column\" data-e-type=\"column\">\n\t\t\t<div class=\"elementor-widget-wrap elementor-element-populated\">\n\t\t\t\t\t\t<section class=\"elementor-section elementor-inner-section elementor-element elementor-element-2bcff89 dsvy-col-stretched-none dsvy-bg-color-over-image elementor-section-boxed elementor-section-height-default elementor-section-height-default\" data-id=\"2bcff89\" data-element_type=\"section\" data-e-type=\"section\">\n\t\t\t\t\t\t<div class=\"elementor-container elementor-column-gap-default\">\n\t\t\t\t\t<div class=\"elementor-column elementor-col-50 elementor-inner-column elementor-element elementor-element-7237481 dsvy-bg-color-over-image\" data-id=\"7237481\" data-element_type=\"column\" data-e-type=\"column\">\n\t\t\t<div class=\"elementor-widget-wrap elementor-element-populated\">\n\t\t\t\t\t\t<div class=\"elementor-element elementor-element-4f182c2 elementor-widget elementor-widget-image\" data-id=\"4f182c2\" data-element_type=\"widget\" data-e-type=\"widget\" data-widget_type=\"image.default\">\n\t\t\t\t<div class=\"elementor-widget-container\">\n\t\t\t\t\t\t\t\t\t\t\t\t\t\t\t<img loading=\"lazy\" decoding=\"async\" width=\"847\" height=\"560\" src=\"https:\/\/instytuteuropejski.pl\/wp-content\/uploads\/2025\/08\/38810241_1163932020413180_7076787209545711616_n.jpg\" class=\"attachment-large size-large wp-image-334\" alt=\"\" srcset=\"https:\/\/instytuteuropejski.pl\/wp-content\/uploads\/2025\/08\/38810241_1163932020413180_7076787209545711616_n.jpg 960w, https:\/\/instytuteuropejski.pl\/wp-content\/uploads\/2025\/08\/38810241_1163932020413180_7076787209545711616_n-300x198.jpg 300w, https:\/\/instytuteuropejski.pl\/wp-content\/uploads\/2025\/08\/38810241_1163932020413180_7076787209545711616_n-768x508.jpg 768w, https:\/\/instytuteuropejski.pl\/wp-content\/uploads\/2025\/08\/38810241_1163932020413180_7076787209545711616_n-770x509.jpg 770w\" sizes=\"(max-width: 847px) 100vw, 847px\" \/>\t\t\t\t\t\t\t\t\t\t\t\t\t\t\t<\/div>\n\t\t\t\t<\/div>\n\t\t\t\t\t<\/div>\n\t\t<\/div>\n\t\t\t\t<div class=\"elementor-column elementor-col-50 elementor-inner-column elementor-element elementor-element-eea737a dsvy-bg-color-over-image\" data-id=\"eea737a\" data-element_type=\"column\" data-e-type=\"column\">\n\t\t\t<div class=\"elementor-widget-wrap elementor-element-populated\">\n\t\t\t\t\t\t<div class=\"elementor-element elementor-element-18408b7 elementor-widget elementor-widget-image\" data-id=\"18408b7\" data-element_type=\"widget\" data-e-type=\"widget\" data-widget_type=\"image.default\">\n\t\t\t\t<div class=\"elementor-widget-container\">\n\t\t\t\t\t\t\t\t\t\t\t\t\t\t\t<img loading=\"lazy\" decoding=\"async\" width=\"847\" height=\"565\" src=\"https:\/\/instytuteuropejski.pl\/wp-content\/uploads\/2025\/08\/38812320_1163932040413178_5290407571226624_n.jpg\" class=\"attachment-large size-large wp-image-335\" alt=\"\" srcset=\"https:\/\/instytuteuropejski.pl\/wp-content\/uploads\/2025\/08\/38812320_1163932040413178_5290407571226624_n.jpg 960w, https:\/\/instytuteuropejski.pl\/wp-content\/uploads\/2025\/08\/38812320_1163932040413178_5290407571226624_n-300x200.jpg 300w, https:\/\/instytuteuropejski.pl\/wp-content\/uploads\/2025\/08\/38812320_1163932040413178_5290407571226624_n-768x512.jpg 768w, https:\/\/instytuteuropejski.pl\/wp-content\/uploads\/2025\/08\/38812320_1163932040413178_5290407571226624_n-770x513.jpg 770w\" sizes=\"(max-width: 847px) 100vw, 847px\" \/>\t\t\t\t\t\t\t\t\t\t\t\t\t\t\t<\/div>\n\t\t\t\t<\/div>\n\t\t\t\t\t<\/div>\n\t\t<\/div>\n\t\t\t\t\t<\/div>\n\t\t<\/section>\n\t\t\t\t\t<\/div>\n\t\t<\/div>\n\t\t\t\t\t<\/div>\n\t\t<\/section>\n\t\t\t\t<section class=\"elementor-section elementor-top-section elementor-element elementor-element-8dcdefb dsvy-col-stretched-none dsvy-bg-color-over-image elementor-section-boxed elementor-section-height-default elementor-section-height-default\" data-id=\"8dcdefb\" data-element_type=\"section\" data-e-type=\"section\">\n\t\t\t\t\t\t<div class=\"elementor-container elementor-column-gap-default\">\n\t\t\t\t\t<div class=\"elementor-column elementor-col-100 elementor-top-column elementor-element elementor-element-0e14a68 dsvy-bg-color-over-image\" data-id=\"0e14a68\" data-element_type=\"column\" data-e-type=\"column\">\n\t\t\t<div class=\"elementor-widget-wrap elementor-element-populated\">\n\t\t\t\t\t\t<div class=\"elementor-element elementor-element-23cb47d elementor-widget elementor-widget-text-editor\" data-id=\"23cb47d\" data-element_type=\"widget\" data-e-type=\"widget\" data-widget_type=\"text-editor.default\">\n\t\t\t\t<div class=\"elementor-widget-container\">\n\t\t\t\t\t\t\t\t\t<p>The Foundation has received several grants from EU programmes in the field of education and youth: \u2018Youth\u2019, \u2018Youth for Europe\u2019, \u201cErasmus\u201d and \u2018Erasmus+\u2019. The International Visegrad Fund was also one of our grant providers. Among the projects implemented, it is worth mentioning those focusing on youth participation in public life, including local and regional government: e.g. the \u2018Youth Participation in Local and Regional Life\u2019 project and the activation of young citizens up to 35 years of age: \u2018Architects of Change\u2019, \u2018Entrepreneurial Skills Academy\u2019, \u2018IT Skills for Youth Participation\u2019, \u2018Video and Social Media for Youth Participation\u2019. Other international projects also constitute an important achievement in the Foundation's portfolio: \u2018Education in peace through sport\u2019, \u2018Let's meet again\u2019 (with Israel), \u2018Open yourself to dialogue\u2019 (with Ukraine), \u2018Green culture\u2019, \u20183 x Yes!\u2019, \u2018Ecopower\u2019, \u2018Languages of cultures\u2019, \u2018Tell me your story\u2019. All of the above-mentioned projects involved dozens of participants, including those from European Union countries and Eastern Partnership countries. We estimate that during the Foundation's existence, over a thousand people have been the recipients of our activities, and this number is certainly higher when it comes to indirect beneficiaries. We have the necessary expertise in preparing grants and implementing projects financed from public funds, in accordance with reporting and accounting standards.<\/p>\t\t\t\t\t\t\t\t<\/div>\n\t\t\t\t<\/div>\n\t\t\t\t\t<\/div>\n\t\t<\/div>\n\t\t\t\t\t<\/div>\n\t\t<\/section>\n\t\t\t\t<\/div>","protected":false},"excerpt":{"rendered":"<p>FUNDACJA INSTYTUT EUROPEJSKI Fundacja pod nazw\u0105 \u201eInstytut Europejski Pro Futuro Europae\u201d zosta\u0142a ustanowiona aktem notarialnym przez notariusza prowadz\u0105cego Kancelari\u0119 Notarialn\u0105 w Katowicach w dniu 24 czerwca 2005 roku Rep A numer 3555\/2005. Fundacja dzia\u0142a w oparciu o przepisy ustawy z dnia 6 kwietnia 1984 r. o fundacjach (Dz.U. z 1991 r. Nr 46, poz.203) i postanowienia statutu. Przez pierwsze dziesi\u0119\u0107 lat swojej dzia\u0142alno\u015bci Fundacja mia\u0142a siedzib\u0119 g\u0142\u00f3wn\u0105 w Katowicach, nast\u0119pnie[&hellip;]<\/p>\n","protected":false},"author":1,"featured_media":0,"parent":445,"menu_order":3,"comment_status":"closed","ping_status":"closed","template":"","meta":{"_acf_changed":false,"give_campaign_id":0,"footnotes":""},"class_list":["post-100","page","type-page","status-publish","hentry"],"acf":[],"campaignId":"","_links":{"self":[{"href":"https:\/\/instytuteuropejski.pl\/en\/wp-json\/wp\/v2\/pages\/100","targetHints":{"allow":["GET"]}}],"collection":[{"href":"https:\/\/instytuteuropejski.pl\/en\/wp-json\/wp\/v2\/pages"}],"about":[{"href":"https:\/\/instytuteuropejski.pl\/en\/wp-json\/wp\/v2\/types\/page"}],"author":[{"embeddable":true,"href":"https:\/\/instytuteuropejski.pl\/en\/wp-json\/wp\/v2\/users\/1"}],"replies":[{"embeddable":true,"href":"https:\/\/instytuteuropejski.pl\/en\/wp-json\/wp\/v2\/comments?post=100"}],"version-history":[{"count":4,"href":"https:\/\/instytuteuropejski.pl\/en\/wp-json\/wp\/v2\/pages\/100\/revisions"}],"predecessor-version":[{"id":339,"href":"https:\/\/instytuteuropejski.pl\/en\/wp-json\/wp\/v2\/pages\/100\/revisions\/339"}],"up":[{"embeddable":true,"href":"https:\/\/instytuteuropejski.pl\/en\/wp-json\/wp\/v2\/pages\/445"}],"wp:attachment":[{"href":"https:\/\/instytuteuropejski.pl\/en\/wp-json\/wp\/v2\/media?parent=100"}],"curies":[{"name":"wp","href":"https:\/\/api.w.org\/{rel}","templated":true}]}}